{"id":621,"date":"2023-11-02T18:17:16","date_gmt":"2023-11-02T17:17:16","guid":{"rendered":"https:\/\/dentalduarte.com\/clinica-dental-palau\/?page_id=621"},"modified":"2023-11-02T18:32:49","modified_gmt":"2023-11-02T17:32:49","slug":"cookies","status":"publish","type":"page","link":"https:\/\/dentalduarte.com\/clinica-dental-palau\/cookies\/","title":{"rendered":"Pol\u00edtica de cookies"},"content":{"rendered":"\n<p><strong>\u00bfQu\u00e9 son las cookies?<\/strong><\/p>\n\n\n\n<p>Cookie es un fichero que se descarga en su ordenador para acceder a determinadas p\u00e1ginas web. Las cookies permiten a una p\u00e1gina web, entre otras cosas, almacenar y recuperar informaci\u00f3n sobre los h\u00e1bitos de navegaci\u00f3n de un usuario o de su equipo y, dependiendo de la informaci\u00f3n que contengan y de la forma en que utilice su equipo, pueden utilizarse para reconocer al usuario. El navegador del usuario memoriza cookies en el disco duro solamente durante la sesi\u00f3n actual ocupando un espacio de memoria m\u00ednimo y no perjudicando al ordenador. Las cookies no contienen ninguna clase de informaci\u00f3n personal espec\u00edfica, y la mayor\u00eda de las mismas se borran del disco duro al finalizar la sesi\u00f3n de navegador (o las denominadas cookies de sesi\u00f3n).<\/p>\n\n\n\n<p>La mayor\u00eda de los navegadores aceptan como est\u00e1ndar a las cookies y, con independencia de las mismas, permiten o impiden en los ajustes de seguridad las cookies temporales o memorizadas.<\/p>\n\n\n\n<p>Sin su expreso consentimiento \u2013mediante la activaci\u00f3n de las cookies en su navegador- este sitio web no enlazar\u00e1 en las cookies los datos memorizados con sus datos personales proporcionados en el momento del registro o la compra.<\/p>\n\n\n\n<p><strong>\u00bfQu\u00e9 tipos de cookies utilizamos en este sitio web?<\/strong><\/p>\n\n\n\n<p>Este sitio web utiliza cookies que permiten el funcionamiento y la prestaci\u00f3n de los servicios ofrecidos en el mismo.<\/p>\n\n\n\n<p>Siguiendo las directrices de la Agencia Espa\u00f1ola de Protecci\u00f3n de Datos procedemos a detallar el uso de cookies que hace esta web con el fin de informarle con la m\u00e1xima exactitud posible.<\/p>\n\n\n\n<p>\u00d8 Este sitio web utiliza las siguientes <strong>cookies propias:<\/strong><\/p>\n\n\n\n<p><strong>Cookies t\u00e9cnica:<\/strong> son aquellas que permiten al usuario la navegaci\u00f3n a trav\u00e9s de una p\u00e1gina web, plataforma o aplicaci\u00f3n y la utilizaci\u00f3n de las diferentes opciones o servicios que en ella existan, incluyendo aquellas que el editor utiliza para permitir la gesti\u00f3n y operativa de la p\u00e1gina web y habilitar sus funciones y servicios, como, por ejemplo, controlar el tr\u00e1fico y la comunicaci\u00f3n de datos, identificar la sesi\u00f3n, acceder a partes de acceso restringido, recordar los elementos que integran un pedido, realizar el proceso de compra de un pedido, gestionar el pago, controlar el fraude vinculado a la seguridad del servicio, realizar la solicitud de inscripci\u00f3n o participaci\u00f3n en un evento, contar visitas a efectos de la facturaci\u00f3n de licencias del software con el que funciona el servicio (sitio web, plataforma o aplicaci\u00f3n), utilizar elementos de seguridad durante la navegaci\u00f3n, almacenar contenidos para la difusi\u00f3n de v\u00eddeos o sonido, habilitar contenidos din\u00e1micos (por ejemplo, animaci\u00f3n de carga de un texto o imagen) o compartir contenidos a trav\u00e9s de redes sociales.<\/p>\n\n\n\n<p><strong>Cookies de personalizaci\u00f3n:<\/strong> son aquellas que permiten recordar informaci\u00f3n para que el usuario acceda al servicio con determinadas caracter\u00edsticas que pueden diferenciar su experiencia de la de otros usuarios, como, por ejemplo, el idioma, el n\u00famero de resultados a mostrar cuando el usuario realiza una b\u00fasqueda, el aspecto o contenido del servicio en funci\u00f3n del tipo de navegador a trav\u00e9s del cual el usuario accede al servicio o de la regi\u00f3n desde la que accede al servicio, etc (En el caso de no utilizar este tipo de cookies, eliminar este apartado)<\/p>\n\n\n\n<p>\u00d8 Este sitio web utiliza las siguientes <strong>cookies de terceros:<\/strong> (En el caso de no utilizar este tipo de cookies, eliminar este apartado).<\/p>\n\n\n\n<p>Google Analytics: Almacena cookies para poder elaborar estad\u00edsticas sobre el tr\u00e1fico y volumen de visitas de esta web. Al utilizar este sitio web est\u00e1 consintiendo el tratamiento de informaci\u00f3n acerca de usted por Google. (En el caso de no utilizar este tipo de cookies, eliminar este apartado).<\/p>\n\n\n\n<p>Redes sociales: Cada red social utiliza sus propias cookies para que usted pueda pinchar en botones del tipo Me gusta o Compartir. (En el caso de no utilizar este tipo de cookies, eliminar este apartado).<\/p>\n\n\n\n<p>RESUMEN COOKIES PROPIAS Y DE TERCEROS UTILIZADOS EN ESTE PORTAL WEB<\/p>\n\n\n\n<figure class=\"wp-block-table\"><table><tbody><tr><td><strong>Tipo de cookies<\/strong><\/td><td><strong>Titularidad<\/strong><\/td><td><strong>Identificaci\u00f3n \/ nombre de la cookie<\/strong><\/td><td><strong>Per\u00edodo de conservaci\u00f3n<\/strong><\/td><td><strong>Prop\u00f3sito \/ Finalidad<\/strong><\/td><\/tr><tr><td>&nbsp; &nbsp; &nbsp; T\u00e9cnica<\/td><td>&nbsp; &nbsp; &nbsp; Tercero: Google<\/td><td>&nbsp; &nbsp; &nbsp; UULE<\/td><td>&nbsp; &nbsp; &nbsp; 1 d\u00eda<\/td><td>Cookie asociada al servicio de Google Maps. Permite la geolocalizaci\u00f3n de nuestra Cl\u00ednica en la secci\u00f3n correspondiente de este sitio web<\/td><\/tr><tr><td>&nbsp; &nbsp; &nbsp; T\u00e9cnica<\/td><td>&nbsp; &nbsp; &nbsp; Propia<\/td><td>&nbsp; &nbsp; &nbsp; viewed_cookie_policy<\/td><td>&nbsp; &nbsp; &nbsp; 1 a\u00f1o<\/td><td>Cookies de uso interno necesaria para el funcionamiento de la visualizaci\u00f3n de la pol\u00edtica de cookies de la web<\/td><\/tr><tr><td>&nbsp;<\/td><td>&nbsp;<\/td><td>&nbsp;<\/td><td>&nbsp;<\/td><td>&nbsp;<\/td><\/tr><tr><td>&nbsp;<\/td><td>&nbsp;<\/td><td>&nbsp;<\/td><td>&nbsp;<\/td><td>&nbsp;<\/td><\/tr><\/tbody><\/table><\/figure>\n\n\n\n<p><strong>DESACTIVACI\u00d3N O ELIMINACI\u00d3N DE COOKIES<\/strong><\/p>\n\n\n\n<p>Al desactivar cookies, algunos de los servicios disponibles podr\u00edan dejar de estar operativos. La forma de deshabilitar las cookies es diferente para cada navegador, pero normalmente puede hacerse desde el men\u00fa Herramientas u Opciones. Tambi\u00e9n puede consultarse el men\u00fa de Ayuda del navegador d\u00f3nde puedes encontrar instrucciones. El usuario podr\u00e1 en cualquier momento elegir qu\u00e9 cookies quiere que funcionen en este sitio web.<\/p>\n\n\n\n<p>Puede usted permitir, bloquear o eliminar las cookies instaladas en su equipo mediante la configuraci\u00f3n de las opciones del navegador instalado en su ordenador:<\/p>\n\n\n\n<ul><li>Microsoft Internet Explorer o Microsoft Edge: <a href=\"https:\/\/windows.microsoft.com\/es-es\/windows-vista\/Block-or-allow-cookies\">https:\/\/windows.microsoft.com\/es-es\/windows-vista\/Block-or-allow-cookies<\/a><\/li><li>Mozilla Firefox: <a href=\"https:\/\/support.mizilla.org\/es\/kb\/impedir-que-los-sitios-web-guarden-sus-preferencias\">https:\/\/support.mizilla.org\/es\/kb\/impedir-que-los-sitios-web-guarden-sus-preferencias<\/a><\/li><li>Chrome: <a href=\"https:\/\/support.google.com\/accounts\/answer\/61416?hl=es\">https:\/\/support.google.com\/accounts\/answer\/61416?hl=es<\/a><\/li><li>Safari: <a href=\"https:\/\/safari.helpmax.net\/es\/privacidad-y-seguridad\/como-gestionar-las%20-cookies\/\">https:\/\/safari.helpmax.net\/es\/privacidad-y-seguridad\/como-gestionar-las -cookies\/<\/a><\/li><li>Opera: <a href=\"https:\/\/help.operaw.com\/Linux\/10.60\/es-Es\/cookies.html\">https:\/\/help.operaw.com\/Linux\/10.60\/es-Es\/cookies.html<\/a><\/li><li>Safari para Ios (dispositivos iPhone y iPad): <a href=\"https:\/\/help.opera.com\/Linux\/10.50\/en\/cookies.html\">https:\/\/help.opera.com\/Linux\/10.50\/en\/cookies.html<\/a><\/li><li>Chrome para Android: <a href=\"https:\/\/support.google.com\/chrome\/ANSWERT\/2392971?=es\">https:\/\/support.google.com\/chrome\/ANSWERT\/2392971?=es<\/a><\/li><li>Windows Phone: <a href=\"https:\/\/www.windowsphone.com\/es-es\/how-to\/wp7\/web\/changing-privacy-and-other-browser-\">https:\/\/www.windowsphone.com\/es-es\/how-to\/wp7\/web\/changing-privacy-and-other-browser-<\/a><\/li><\/ul>\n\n\n\n<p>Adem\u00e1s, tambi\u00e9n puede gestionar el almac\u00e9n de cookies en su navegador a trav\u00e9s de herramientas como las siguientes:<\/p>\n\n\n\n<p>Ghostery: www.ghostery.com<\/p>\n\n\n\n<p>Your online choices: <a href=\"http:\/\/www.youronlinechoices.com\/es\/\">www.youronlinechoices.com\/es\/<\/a><\/p>\n\n\n\n<p>M\u00e1s informaci\u00f3n relativa a la protecci\u00f3n de sus datos personales en nuestra Pol\u00edtica de Privacidad.<\/p>\n\n\n\n<p>El editor se reserva el derecho de cambiar esta pol\u00edtica de cookies si se realizan cambios en la configuraci\u00f3n y\/o uso de las mismas. Se publicar\u00e1 una versi\u00f3n actualizada en esta p\u00e1gina web.<\/p>\n","protected":false},"excerpt":{"rendered":"<p>\u00bfQu\u00e9 son las cookies? Cookie es un fichero que se descarga en su ordenador para acceder a determinadas p\u00e1ginas web. Las cookies permiten a una p\u00e1gina web, entre otras cosas, almacenar y recuperar informaci\u00f3n sobre los h\u00e1bitos de navegaci\u00f3n de un usuario o de su&#8230;<\/p>\n","protected":false},"author":1,"featured_media":0,"parent":0,"menu_order":0,"comment_status":"closed","ping_status":"closed","template":"","meta":{"footnotes":""},"yoast_head":"<!-- This site is optimized with the Yoast SEO plugin v22.8 - https:\/\/yoast.com\/wordpress\/plugins\/seo\/ -->\n<title>Pol\u00edtica de cookies | Dental Duarte Palau<\/title>\n<meta name=\"robots\" content=\"index, follow, max-snippet:-1, max-image-preview:large, max-video-preview:-1\" \/>\n<link rel=\"canonical\" href=\"https:\/\/dentalduarte.com\/clinica-dental-palau\/cookies\/\" \/>\n<meta property=\"og:locale\" content=\"es_ES\" \/>\n<meta property=\"og:type\" content=\"article\" \/>\n<meta property=\"og:title\" content=\"Pol\u00edtica de cookies | Dental Duarte Palau\" \/>\n<meta property=\"og:description\" content=\"\u00bfQu\u00e9 son las cookies? Cookie es un fichero que se descarga en su ordenador para acceder a determinadas p\u00e1ginas web. Las cookies permiten a una p\u00e1gina web, entre otras cosas, almacenar y recuperar informaci\u00f3n sobre los h\u00e1bitos de navegaci\u00f3n de un usuario o de su...\" \/>\n<meta property=\"og:url\" content=\"https:\/\/dentalduarte.com\/clinica-dental-palau\/cookies\/\" \/>\n<meta property=\"og:site_name\" content=\"Dental Duarte Palau\" \/>\n<meta property=\"article:modified_time\" content=\"2023-11-02T17:32:49+00:00\" \/>\n<meta name=\"twitter:card\" content=\"summary_large_image\" \/>\n<meta name=\"twitter:label1\" content=\"Tiempo de lectura\" \/>\n\t<meta name=\"twitter:data1\" content=\"5 minutos\" \/>\n<script type=\"application\/ld+json\" class=\"yoast-schema-graph\">{\"@context\":\"https:\/\/schema.org\",\"@graph\":[{\"@type\":\"WebPage\",\"@id\":\"https:\/\/dentalduarte.com\/clinica-dental-palau\/cookies\/\",\"url\":\"https:\/\/dentalduarte.com\/clinica-dental-palau\/cookies\/\",\"name\":\"Pol\u00edtica de cookies | Dental Duarte Palau\",\"isPartOf\":{\"@id\":\"https:\/\/dentalduarte.com\/clinica-dental-palau\/#website\"},\"datePublished\":\"2023-11-02T17:17:16+00:00\",\"dateModified\":\"2023-11-02T17:32:49+00:00\",\"breadcrumb\":{\"@id\":\"https:\/\/dentalduarte.com\/clinica-dental-palau\/cookies\/#breadcrumb\"},\"inLanguage\":\"es\",\"potentialAction\":[{\"@type\":\"ReadAction\",\"target\":[\"https:\/\/dentalduarte.com\/clinica-dental-palau\/cookies\/\"]}]},{\"@type\":\"BreadcrumbList\",\"@id\":\"https:\/\/dentalduarte.com\/clinica-dental-palau\/cookies\/#breadcrumb\",\"itemListElement\":[{\"@type\":\"ListItem\",\"position\":1,\"name\":\"Portada\",\"item\":\"https:\/\/dentalduarte.com\/clinica-dental-palau\/\"},{\"@type\":\"ListItem\",\"position\":2,\"name\":\"Pol\u00edtica de cookies\"}]},{\"@type\":\"WebSite\",\"@id\":\"https:\/\/dentalduarte.com\/clinica-dental-palau\/#website\",\"url\":\"https:\/\/dentalduarte.com\/clinica-dental-palau\/\",\"name\":\"Dental Duarte\",\"description\":\"Cl\u00ednica Dental en Palau de Plegamans\",\"publisher\":{\"@id\":\"https:\/\/dentalduarte.com\/clinica-dental-palau\/#organization\"},\"potentialAction\":[{\"@type\":\"SearchAction\",\"target\":{\"@type\":\"EntryPoint\",\"urlTemplate\":\"https:\/\/dentalduarte.com\/clinica-dental-palau\/?s={search_term_string}\"},\"query-input\":\"required name=search_term_string\"}],\"inLanguage\":\"es\"},{\"@type\":\"Organization\",\"@id\":\"https:\/\/dentalduarte.com\/clinica-dental-palau\/#organization\",\"name\":\"Denta Duarte\",\"url\":\"https:\/\/dentalduarte.com\/clinica-dental-palau\/\",\"logo\":{\"@type\":\"ImageObject\",\"inLanguage\":\"es\",\"@id\":\"https:\/\/dentalduarte.com\/clinica-dental-palau\/#\/schema\/logo\/image\/\",\"url\":\"https:\/\/dentalduarte.com\/wp-content\/uploads\/2020\/09\/mogile-logo-dentalduarte.png\",\"contentUrl\":\"https:\/\/dentalduarte.com\/wp-content\/uploads\/2020\/09\/mogile-logo-dentalduarte.png\",\"width\":567,\"height\":152,\"caption\":\"Denta Duarte\"},\"image\":{\"@id\":\"https:\/\/dentalduarte.com\/clinica-dental-palau\/#\/schema\/logo\/image\/\"}}]}<\/script>\n<!-- \/ Yoast SEO plugin. -->","yoast_head_json":{"title":"Pol\u00edtica de cookies | Dental Duarte Palau","robots":{"index":"index","follow":"follow","max-snippet":"max-snippet:-1","max-image-preview":"max-image-preview:large","max-video-preview":"max-video-preview:-1"},"canonical":"https:\/\/dentalduarte.com\/clinica-dental-palau\/cookies\/","og_locale":"es_ES","og_type":"article","og_title":"Pol\u00edtica de cookies | Dental Duarte Palau","og_description":"\u00bfQu\u00e9 son las cookies? Cookie es un fichero que se descarga en su ordenador para acceder a determinadas p\u00e1ginas web. Las cookies permiten a una p\u00e1gina web, entre otras cosas, almacenar y recuperar informaci\u00f3n sobre los h\u00e1bitos de navegaci\u00f3n de un usuario o de su...","og_url":"https:\/\/dentalduarte.com\/clinica-dental-palau\/cookies\/","og_site_name":"Dental Duarte Palau","article_modified_time":"2023-11-02T17:32:49+00:00","twitter_card":"summary_large_image","twitter_misc":{"Tiempo de lectura":"5 minutos"},"schema":{"@context":"https:\/\/schema.org","@graph":[{"@type":"WebPage","@id":"https:\/\/dentalduarte.com\/clinica-dental-palau\/cookies\/","url":"https:\/\/dentalduarte.com\/clinica-dental-palau\/cookies\/","name":"Pol\u00edtica de cookies | Dental Duarte Palau","isPartOf":{"@id":"https:\/\/dentalduarte.com\/clinica-dental-palau\/#website"},"datePublished":"2023-11-02T17:17:16+00:00","dateModified":"2023-11-02T17:32:49+00:00","breadcrumb":{"@id":"https:\/\/dentalduarte.com\/clinica-dental-palau\/cookies\/#breadcrumb"},"inLanguage":"es","potentialAction":[{"@type":"ReadAction","target":["https:\/\/dentalduarte.com\/clinica-dental-palau\/cookies\/"]}]},{"@type":"BreadcrumbList","@id":"https:\/\/dentalduarte.com\/clinica-dental-palau\/cookies\/#breadcrumb","itemListElement":[{"@type":"ListItem","position":1,"name":"Portada","item":"https:\/\/dentalduarte.com\/clinica-dental-palau\/"},{"@type":"ListItem","position":2,"name":"Pol\u00edtica de cookies"}]},{"@type":"WebSite","@id":"https:\/\/dentalduarte.com\/clinica-dental-palau\/#website","url":"https:\/\/dentalduarte.com\/clinica-dental-palau\/","name":"Dental Duarte","description":"Cl\u00ednica Dental en Palau de Plegamans","publisher":{"@id":"https:\/\/dentalduarte.com\/clinica-dental-palau\/#organization"},"potentialAction":[{"@type":"SearchAction","target":{"@type":"EntryPoint","urlTemplate":"https:\/\/dentalduarte.com\/clinica-dental-palau\/?s={search_term_string}"},"query-input":"required name=search_term_string"}],"inLanguage":"es"},{"@type":"Organization","@id":"https:\/\/dentalduarte.com\/clinica-dental-palau\/#organization","name":"Denta Duarte","url":"https:\/\/dentalduarte.com\/clinica-dental-palau\/","logo":{"@type":"ImageObject","inLanguage":"es","@id":"https:\/\/dentalduarte.com\/clinica-dental-palau\/#\/schema\/logo\/image\/","url":"https:\/\/dentalduarte.com\/wp-content\/uploads\/2020\/09\/mogile-logo-dentalduarte.png","contentUrl":"https:\/\/dentalduarte.com\/wp-content\/uploads\/2020\/09\/mogile-logo-dentalduarte.png","width":567,"height":152,"caption":"Denta Duarte"},"image":{"@id":"https:\/\/dentalduarte.com\/clinica-dental-palau\/#\/schema\/logo\/image\/"}}]}},"_links":{"self":[{"href":"https:\/\/dentalduarte.com\/clinica-dental-palau\/wp-json\/wp\/v2\/pages\/621"}],"collection":[{"href":"https:\/\/dentalduarte.com\/clinica-dental-palau\/wp-json\/wp\/v2\/pages"}],"about":[{"href":"https:\/\/dentalduarte.com\/clinica-dental-palau\/wp-json\/wp\/v2\/types\/page"}],"author":[{"embeddable":true,"href":"https:\/\/dentalduarte.com\/clinica-dental-palau\/wp-json\/wp\/v2\/users\/1"}],"replies":[{"embeddable":true,"href":"https:\/\/dentalduarte.com\/clinica-dental-palau\/wp-json\/wp\/v2\/comments?post=621"}],"version-history":[{"count":2,"href":"https:\/\/dentalduarte.com\/clinica-dental-palau\/wp-json\/wp\/v2\/pages\/621\/revisions"}],"predecessor-version":[{"id":641,"href":"https:\/\/dentalduarte.com\/clinica-dental-palau\/wp-json\/wp\/v2\/pages\/621\/revisions\/641"}],"wp:attachment":[{"href":"https:\/\/dentalduarte.com\/clinica-dental-palau\/wp-json\/wp\/v2\/media?parent=621"}],"curies":[{"name":"wp","href":"https:\/\/api.w.org\/{rel}","templated":true}]}}