{"id":619,"date":"2023-11-02T18:14:28","date_gmt":"2023-11-02T17:14:28","guid":{"rendered":"https:\/\/dentalduarte.com\/clinica-dental-palau\/?page_id=619"},"modified":"2023-11-02T18:14:29","modified_gmt":"2023-11-02T17:14:29","slug":"politica-de-privacidad","status":"publish","type":"page","link":"https:\/\/dentalduarte.com\/clinica-dental-palau\/politica-de-privacidad\/","title":{"rendered":"Pol\u00edtica de privacidad"},"content":{"rendered":"\n<p><strong>1. \u00bfQui\u00e9n es el responsable del tratamiento de sus datos personales?<\/strong><strong><\/strong><\/p>\n\n\n\n<p>Denominaci\u00f3n: NELIDA LILIANA DUARTE ARANCIAGA<\/p>\n\n\n\n<p>Direcci\u00f3n: Avenida Catalu\u00f1a 176&nbsp; 1\u00ba 2\u00aa, 08184 Palau Solit\u00e0 i Plegamans (Barcelona)<\/p>\n\n\n\n<p>Tel\u00e9fono de contacto: 938 644 834<\/p>\n\n\n\n<p>Correo electr\u00f3nico: <a href=\"mailto:dentalduartepalau@gmail.com\">dentalduartepalau@gmail.com<\/a><\/p>\n\n\n\n<p><strong>2. \u00bfQui\u00e9n es y que hace el delegado de protecci\u00f3n de datos?<\/strong><\/p>\n\n\n\n<p>El delegado de Protecci\u00f3n de Datos es el responsable de velar con diligencia por el cumplimiento de la normativa de protecci\u00f3n de datos; puedes poner en contacto en el siguiente correo electr\u00f3nico: dpd@utpr.es<\/p>\n\n\n\n<p><strong>3. Principios que aplicaremos a tu informaci\u00f3n personal<\/strong><\/p>\n\n\n\n<p>En el tratamiento de tus datos personales, aplicaremos los siguientes principios que se ajustan a las exigencias del nuevo reglamento europeo de protecci\u00f3n de datos.<\/p>\n\n\n\n<ul><li>Principio de licitud, lealtad y transparencia: Siempre vamos a requerir tu consentimiento para el tratamiento de tus datos personales para uno o varios fines espec\u00edficos que te informaremos previamente con absoluta transparencia.<\/li><li>Principio de minimizaci\u00f3n de datos: Solo vamos a solicitar los datos estrictamente necesarios en relaci\u00f3n con los fines para los que los requerimos.<\/li><li>Principio de limitaci\u00f3n el plazo de conservaci\u00f3n: Los datos ser\u00e1n mantenidos en nuestra base de datos durante no m\u00e1s tiempo del necesario para los fines del tratamiento, en funci\u00f3n a la finalidad, te informaremos del plazo de conservaci\u00f3n correspondiente en todo caso.<\/li><li>Principio de integridad y confidencialidad: Tus datos ser\u00e1n tratados de tal manera que se garantice una seguridad adecuada de los datos personales y se garantice confidencialidad.<\/li><li>Debes saber que tomamos todas las precauciones necesarias para evitar el acceso no autorizado o uso indebido de los datos de nuestros usuarios por parte de terceros.<\/li><\/ul>\n\n\n\n<p><strong>4. \u00bfC\u00f3mo hemos obtenido tus datos?<\/strong><\/p>\n\n\n\n<p>La base legal para el tratamiento de tus datos es el consentimiento libre, espec\u00edfico, informado e inequ\u00edvoco, con la finalidad de la ejecuci\u00f3n del contrato de prestaci\u00f3n de servicios dentales formalizado por la aceptaci\u00f3n de presupuesto, o en su caso, la elaboraci\u00f3n de presupuesto previo.<\/p>\n\n\n\n<p>Excepcionalmente, y siempre con el consentimiento previo, se podr\u00edan haber obtenido por otros medios.<\/p>\n\n\n\n<p><strong>5. Que datos personales tratamos<\/strong><\/p>\n\n\n\n<p>Los datos personales que tratamos, para las leg\u00edtimas finalidades que te explicamos en el punto 6., y en funci\u00f3n de los servicios, pueden ser,<\/p>\n\n\n\n<ul><li>Nombre y apellidos<\/li><li>Direcci\u00f3n postal<\/li><li>NIF<\/li><li>Tel\u00e9fono<\/li><li>Correo electr\u00f3nico<\/li><li>Radiograf\u00edas dentales (periapical, aleta\/mordida, cefalometr\u00eda o telerradiograf\u00eda, tac dental, ortopantomograf\u00eda)<\/li><li>Datos de salud obtenidos de conversaciones contigo<\/li><li>Datos relativos al seguro m\u00e9dico<\/li><\/ul>\n\n\n\n<p><strong>6. Con que objetivo tratamos tus datos personales<\/strong><\/p>\n\n\n\n<p>Tratamos tus datos personales con la finalidad de recoger tus datos de salud con el objeto de facilitarte la mejor asistencia sanitaria, dejando constancia de todos aquellos datos que, bajo criterio m\u00e9dico, permitan el conocimiento veraz y actualizado de tu estado de salud y que tengan relevancia para el tratamiento m\u00e9dico a realizar.<\/p>\n\n\n\n<p>Asimismo, tambi\u00e9n tratamos tus datos personales para gestionar todos los servicios adicionales relacionados con la asistencia sanitaria (laboratorios de an\u00e1lisis, prot\u00e9sicos), la relaci\u00f3n con su entidad aseguradora o mutua, y para la gesti\u00f3n contable y fiscal, en particular, la facturaci\u00f3n de los servicios prestados.<\/p>\n\n\n\n<p>Asimismo, siempre y cuando previamente tengamos su consentimiento para la gesti\u00f3n y desarrollo de actividades de marketing y el env\u00edo de comunicaciones comerciales por medios electr\u00f3nicos.<\/p>\n\n\n\n<p><strong>7. Cuando y porque motivo podemos facilitar tus datos a terceras personas<\/strong><\/p>\n\n\n\n<p>Tus datos personales podr\u00e1n ser cedidos a los siguientes destinatarios por los motivos que se indican,<\/p>\n\n\n\n<ul><li>Administraciones p\u00fablicas: Para el cumplimiento de las obligaciones legales a las que estamos sujetos por nuestra actividad.<\/li><li>Mutuas y Compa\u00f1\u00edas de seguros: En el caso de que accedas a nuestros servicios a trav\u00e9s de un seguro m\u00e9dico y con la \u00fanica finalidad de poder gestionar la gesti\u00f3n y cobro de los servicios prestados.<\/li><li>Laboratorios de an\u00e1lisis, prot\u00e9sicos dentales y similares: Con la \u00fanica finalidad de darte el tratamiento contratado.<\/li><li>Profesionales sanitarios, colaboradores de la cl\u00ednica: Con la \u00fanica finalidad de poder llevar a cabo el tratamiento contratado. En todo caso, los datos no salen nunca de la cl\u00ednica.<\/li><li>Gestor\u00eda fiscal y contable: Con la \u00fanica finalidad de gestionar nuestra contabilidad (emitir factura, presentaci\u00f3n de declaraciones fiscales, obligaciones mercantiles \u2026)<\/li><\/ul>\n\n\n\n<p><strong>8. Transferencias internacionales datos<\/strong><\/p>\n\n\n\n<p>En ning\u00fan caso transferimos tus datos personales a ninguna persona o entidad ni dentro ni fuera de la CEE.<\/p>\n\n\n\n<p><strong>9. Cuanto tiempo guardamos tus datos personales<\/strong><\/p>\n\n\n\n<p>Historial Cl\u00ednico: Los plazos legalmente establecidos para este tipo de documento que en estos momentos est\u00e1 establecido en 15 a\u00f1os.<\/p>\n\n\n\n<p>Otros datos personales (nombres y apellidos, direcci\u00f3n postal, NIF): los plazos legalmente establecidos por la legislaci\u00f3n fiscal y mercantil.<\/p>\n\n\n\n<p><strong>10. \u00bfCu\u00e1les son tus derechos?<\/strong><\/p>\n\n\n\n<p>Cualquier persona tiene derecho a obtener confirmaci\u00f3n sobre si estamos tratando datos personales que le conciernan o no.<\/p>\n\n\n\n<p>Las personas interesadas tienen derecho a<\/p>\n\n\n\n<ul><li>Solicitar el acceso a los datos personales relativos al interesado.<\/li><li>Solicitar su rectificaci\u00f3n o supresi\u00f3n.<\/li><li>Solicitar la limitaci\u00f3n a su tratamiento.<\/li><li>Oponerse al tratamiento.<\/li><li>Solicitar la portabilidad de los datos.<\/li><\/ul>\n\n\n\n<p>Tenemos a tu disposici\u00f3n los modelos correspondientes para que puedas ejercer tus derechos.<\/p>\n\n\n\n<p>Los interesados podr\u00e1n acceder a sus datos personales, as\u00ed como a solicitar la rectificaci\u00f3n de los datos inexactos o, en su caso, solicitar su supresi\u00f3n cuando, entre otros motivos, los datos ya no sean necesarios para los fines que fueron recogidos.<\/p>\n\n\n\n<p>En determinadas circunstancias, los interesados podr\u00e1n solicitar la limitaci\u00f3n del tratamiento de sus datos, en cuyo caso \u00fanicamente se conservar\u00e1n para el ejercicio o la defensa de reclamaciones.<\/p>\n\n\n\n<p>En determinadas circunstancias y por motivos relacionados con su situaci\u00f3n particular, los interesados podr\u00e1n oponerse al tratamiento de sud datos.<\/p>\n\n\n\n<p>Los interesados tambi\u00e9n tendr\u00e1n derecho a la tutela judicial efectiva y a presentar una reclamaci\u00f3n ante la autoridad de control, en este caso, la Agencia Espa\u00f1ola de Protecci\u00f3n de Datos, si consideran que el tratamiento de datos personales que les conciernen infringe el Reglamento Europeo de Protecci\u00f3n de Datos.<\/p>\n","protected":false},"excerpt":{"rendered":"<p>1. \u00bfQui\u00e9n es el responsable del tratamiento de sus datos personales? Denominaci\u00f3n: NELIDA LILIANA DUARTE ARANCIAGA Direcci\u00f3n: Avenida Catalu\u00f1a 176&nbsp; 1\u00ba 2\u00aa, 08184 Palau Solit\u00e0 i Plegamans (Barcelona) Tel\u00e9fono de contacto: 938 644 834 Correo electr\u00f3nico: dentalduartepalau@gmail.com 2. \u00bfQui\u00e9n es y que hace el delegado&#8230;<\/p>\n","protected":false},"author":1,"featured_media":0,"parent":0,"menu_order":0,"comment_status":"closed","ping_status":"closed","template":"","meta":{"footnotes":""},"yoast_head":"<!-- This site is optimized with the Yoast SEO plugin v22.8 - https:\/\/yoast.com\/wordpress\/plugins\/seo\/ -->\n<title>Pol\u00edtica de privacidad | Dental Duarte Palau<\/title>\n<meta name=\"robots\" content=\"index, follow, max-snippet:-1, max-image-preview:large, max-video-preview:-1\" \/>\n<link rel=\"canonical\" href=\"https:\/\/dentalduarte.com\/clinica-dental-palau\/politica-de-privacidad\/\" \/>\n<meta property=\"og:locale\" content=\"es_ES\" \/>\n<meta property=\"og:type\" content=\"article\" \/>\n<meta property=\"og:title\" content=\"Pol\u00edtica de privacidad | Dental Duarte Palau\" \/>\n<meta property=\"og:description\" content=\"1. \u00bfQui\u00e9n es el responsable del tratamiento de sus datos personales? Denominaci\u00f3n: NELIDA LILIANA DUARTE ARANCIAGA Direcci\u00f3n: Avenida Catalu\u00f1a 176&nbsp; 1\u00ba 2\u00aa, 08184 Palau Solit\u00e0 i Plegamans (Barcelona) Tel\u00e9fono de contacto: 938 644 834 Correo electr\u00f3nico: dentalduartepalau@gmail.com 2. \u00bfQui\u00e9n es y que hace el delegado...\" \/>\n<meta property=\"og:url\" content=\"https:\/\/dentalduarte.com\/clinica-dental-palau\/politica-de-privacidad\/\" \/>\n<meta property=\"og:site_name\" content=\"Dental Duarte Palau\" \/>\n<meta property=\"article:modified_time\" content=\"2023-11-02T17:14:29+00:00\" \/>\n<meta name=\"twitter:card\" content=\"summary_large_image\" \/>\n<meta name=\"twitter:label1\" content=\"Tiempo de lectura\" \/>\n\t<meta name=\"twitter:data1\" content=\"5 minutos\" \/>\n<script type=\"application\/ld+json\" class=\"yoast-schema-graph\">{\"@context\":\"https:\/\/schema.org\",\"@graph\":[{\"@type\":\"WebPage\",\"@id\":\"https:\/\/dentalduarte.com\/clinica-dental-palau\/politica-de-privacidad\/\",\"url\":\"https:\/\/dentalduarte.com\/clinica-dental-palau\/politica-de-privacidad\/\",\"name\":\"Pol\u00edtica de privacidad | Dental Duarte Palau\",\"isPartOf\":{\"@id\":\"https:\/\/dentalduarte.com\/clinica-dental-palau\/#website\"},\"datePublished\":\"2023-11-02T17:14:28+00:00\",\"dateModified\":\"2023-11-02T17:14:29+00:00\",\"breadcrumb\":{\"@id\":\"https:\/\/dentalduarte.com\/clinica-dental-palau\/politica-de-privacidad\/#breadcrumb\"},\"inLanguage\":\"es\",\"potentialAction\":[{\"@type\":\"ReadAction\",\"target\":[\"https:\/\/dentalduarte.com\/clinica-dental-palau\/politica-de-privacidad\/\"]}]},{\"@type\":\"BreadcrumbList\",\"@id\":\"https:\/\/dentalduarte.com\/clinica-dental-palau\/politica-de-privacidad\/#breadcrumb\",\"itemListElement\":[{\"@type\":\"ListItem\",\"position\":1,\"name\":\"Portada\",\"item\":\"https:\/\/dentalduarte.com\/clinica-dental-palau\/\"},{\"@type\":\"ListItem\",\"position\":2,\"name\":\"Pol\u00edtica de privacidad\"}]},{\"@type\":\"WebSite\",\"@id\":\"https:\/\/dentalduarte.com\/clinica-dental-palau\/#website\",\"url\":\"https:\/\/dentalduarte.com\/clinica-dental-palau\/\",\"name\":\"Dental Duarte\",\"description\":\"Cl\u00ednica Dental en Palau de Plegamans\",\"publisher\":{\"@id\":\"https:\/\/dentalduarte.com\/clinica-dental-palau\/#organization\"},\"potentialAction\":[{\"@type\":\"SearchAction\",\"target\":{\"@type\":\"EntryPoint\",\"urlTemplate\":\"https:\/\/dentalduarte.com\/clinica-dental-palau\/?s={search_term_string}\"},\"query-input\":\"required name=search_term_string\"}],\"inLanguage\":\"es\"},{\"@type\":\"Organization\",\"@id\":\"https:\/\/dentalduarte.com\/clinica-dental-palau\/#organization\",\"name\":\"Denta Duarte\",\"url\":\"https:\/\/dentalduarte.com\/clinica-dental-palau\/\",\"logo\":{\"@type\":\"ImageObject\",\"inLanguage\":\"es\",\"@id\":\"https:\/\/dentalduarte.com\/clinica-dental-palau\/#\/schema\/logo\/image\/\",\"url\":\"https:\/\/dentalduarte.com\/wp-content\/uploads\/2020\/09\/mogile-logo-dentalduarte.png\",\"contentUrl\":\"https:\/\/dentalduarte.com\/wp-content\/uploads\/2020\/09\/mogile-logo-dentalduarte.png\",\"width\":567,\"height\":152,\"caption\":\"Denta Duarte\"},\"image\":{\"@id\":\"https:\/\/dentalduarte.com\/clinica-dental-palau\/#\/schema\/logo\/image\/\"}}]}<\/script>\n<!-- \/ Yoast SEO plugin. -->","yoast_head_json":{"title":"Pol\u00edtica de privacidad | Dental Duarte Palau","robots":{"index":"index","follow":"follow","max-snippet":"max-snippet:-1","max-image-preview":"max-image-preview:large","max-video-preview":"max-video-preview:-1"},"canonical":"https:\/\/dentalduarte.com\/clinica-dental-palau\/politica-de-privacidad\/","og_locale":"es_ES","og_type":"article","og_title":"Pol\u00edtica de privacidad | Dental Duarte Palau","og_description":"1. \u00bfQui\u00e9n es el responsable del tratamiento de sus datos personales? Denominaci\u00f3n: NELIDA LILIANA DUARTE ARANCIAGA Direcci\u00f3n: Avenida Catalu\u00f1a 176&nbsp; 1\u00ba 2\u00aa, 08184 Palau Solit\u00e0 i Plegamans (Barcelona) Tel\u00e9fono de contacto: 938 644 834 Correo electr\u00f3nico: dentalduartepalau@gmail.com 2. \u00bfQui\u00e9n es y que hace el delegado...","og_url":"https:\/\/dentalduarte.com\/clinica-dental-palau\/politica-de-privacidad\/","og_site_name":"Dental Duarte Palau","article_modified_time":"2023-11-02T17:14:29+00:00","twitter_card":"summary_large_image","twitter_misc":{"Tiempo de lectura":"5 minutos"},"schema":{"@context":"https:\/\/schema.org","@graph":[{"@type":"WebPage","@id":"https:\/\/dentalduarte.com\/clinica-dental-palau\/politica-de-privacidad\/","url":"https:\/\/dentalduarte.com\/clinica-dental-palau\/politica-de-privacidad\/","name":"Pol\u00edtica de privacidad | Dental Duarte Palau","isPartOf":{"@id":"https:\/\/dentalduarte.com\/clinica-dental-palau\/#website"},"datePublished":"2023-11-02T17:14:28+00:00","dateModified":"2023-11-02T17:14:29+00:00","breadcrumb":{"@id":"https:\/\/dentalduarte.com\/clinica-dental-palau\/politica-de-privacidad\/#breadcrumb"},"inLanguage":"es","potentialAction":[{"@type":"ReadAction","target":["https:\/\/dentalduarte.com\/clinica-dental-palau\/politica-de-privacidad\/"]}]},{"@type":"BreadcrumbList","@id":"https:\/\/dentalduarte.com\/clinica-dental-palau\/politica-de-privacidad\/#breadcrumb","itemListElement":[{"@type":"ListItem","position":1,"name":"Portada","item":"https:\/\/dentalduarte.com\/clinica-dental-palau\/"},{"@type":"ListItem","position":2,"name":"Pol\u00edtica de privacidad"}]},{"@type":"WebSite","@id":"https:\/\/dentalduarte.com\/clinica-dental-palau\/#website","url":"https:\/\/dentalduarte.com\/clinica-dental-palau\/","name":"Dental Duarte","description":"Cl\u00ednica Dental en Palau de Plegamans","publisher":{"@id":"https:\/\/dentalduarte.com\/clinica-dental-palau\/#organization"},"potentialAction":[{"@type":"SearchAction","target":{"@type":"EntryPoint","urlTemplate":"https:\/\/dentalduarte.com\/clinica-dental-palau\/?s={search_term_string}"},"query-input":"required name=search_term_string"}],"inLanguage":"es"},{"@type":"Organization","@id":"https:\/\/dentalduarte.com\/clinica-dental-palau\/#organization","name":"Denta Duarte","url":"https:\/\/dentalduarte.com\/clinica-dental-palau\/","logo":{"@type":"ImageObject","inLanguage":"es","@id":"https:\/\/dentalduarte.com\/clinica-dental-palau\/#\/schema\/logo\/image\/","url":"https:\/\/dentalduarte.com\/wp-content\/uploads\/2020\/09\/mogile-logo-dentalduarte.png","contentUrl":"https:\/\/dentalduarte.com\/wp-content\/uploads\/2020\/09\/mogile-logo-dentalduarte.png","width":567,"height":152,"caption":"Denta Duarte"},"image":{"@id":"https:\/\/dentalduarte.com\/clinica-dental-palau\/#\/schema\/logo\/image\/"}}]}},"_links":{"self":[{"href":"https:\/\/dentalduarte.com\/clinica-dental-palau\/wp-json\/wp\/v2\/pages\/619"}],"collection":[{"href":"https:\/\/dentalduarte.com\/clinica-dental-palau\/wp-json\/wp\/v2\/pages"}],"about":[{"href":"https:\/\/dentalduarte.com\/clinica-dental-palau\/wp-json\/wp\/v2\/types\/page"}],"author":[{"embeddable":true,"href":"https:\/\/dentalduarte.com\/clinica-dental-palau\/wp-json\/wp\/v2\/users\/1"}],"replies":[{"embeddable":true,"href":"https:\/\/dentalduarte.com\/clinica-dental-palau\/wp-json\/wp\/v2\/comments?post=619"}],"version-history":[{"count":1,"href":"https:\/\/dentalduarte.com\/clinica-dental-palau\/wp-json\/wp\/v2\/pages\/619\/revisions"}],"predecessor-version":[{"id":620,"href":"https:\/\/dentalduarte.com\/clinica-dental-palau\/wp-json\/wp\/v2\/pages\/619\/revisions\/620"}],"wp:attachment":[{"href":"https:\/\/dentalduarte.com\/clinica-dental-palau\/wp-json\/wp\/v2\/media?parent=619"}],"curies":[{"name":"wp","href":"https:\/\/api.w.org\/{rel}","templated":true}]}}