{"id":613,"date":"2023-11-02T17:53:54","date_gmt":"2023-11-02T16:53:54","guid":{"rendered":"https:\/\/dentalduarte.com\/clinica-dental-palau\/?page_id=613"},"modified":"2023-11-02T17:53:55","modified_gmt":"2023-11-02T16:53:55","slug":"aviso-legal","status":"publish","type":"page","link":"https:\/\/dentalduarte.com\/clinica-dental-palau\/aviso-legal\/","title":{"rendered":"Aviso legal"},"content":{"rendered":"\n<p class=\"has-medium-font-size\"><strong>1. Datos identificativos<\/strong><\/p>\n\n\n\n<p class=\"has-medium-font-size\">En cumplimiento con el deber de informaci\u00f3n recogido en el art\u00edculo 10 de la Ley 34\/2002 de 11 de julio, de Servicios de la Sociedad de la Informaci\u00f3n y del Comercio Electr\u00f3nico, a continuaci\u00f3n se reflejan los siguientes datos:<\/p>\n\n\n\n<p class=\"has-medium-font-size\">La empresa titular del dominio web es <strong>NELIDA LILIANA DUARTE ARANCIAGA<\/strong>\u00a0con NIF\/CIF\u00a0<strong>47922396X<\/strong>\u00a0y con direcci\u00f3n a estos efectos en\u00a0<strong>Avenida Catalu\u00f1a 176, 1\u00ba 2\u00aa, 08184 Palau Solit\u00e0 i Plegamans (Barcelona)<\/strong>\u00a0en adelante\u00a0<strong>LA CL\u00cdNICA<\/strong>. <\/p>\n\n\n\n<p><\/p>\n\n\n\n<p><strong>2. Aceptaci\u00f3n del Usuario<\/strong><\/p>\n\n\n\n<p>Este Aviso Legal regula el acceso y utilizaci\u00f3n de la p\u00e1gina web &nbsp;(en adelante la \u201cWeb\u201d) que&nbsp;<strong>LA CL\u00cdNICA<\/strong>&nbsp;pone a disposici\u00f3n de los usuarios de Internet. Se entiende por usuario la persona que acceda, navegue, utilice o participe en los servicios y actividades de la Web. El acceso y navegaci\u00f3n de un usuario por la Web implica la aceptaci\u00f3n sin reservas del presente Aviso Legal.&nbsp;<strong>LA CL\u00cdNICA<\/strong>&nbsp;puede ofrecer a trav\u00e9s de la p\u00e1gina web servicios que podr\u00e1n encontrarse sometidos a unas condiciones particulares propias sobre las cuales se informar\u00e1 al Usuario en cada caso concreto.<\/p>\n\n\n\n<p> <\/p>\n\n\n\n<p><strong>3. Utilizaci\u00f3n de la web.<\/strong><\/p>\n\n\n\n<p>3.1 El usuario se compromete a utilizar la Web, los contenidos y servicios de conformidad con la Ley, el presente Aviso Legal, las buenas costumbres y el orden p\u00fablico. Del mismo modo el Usuario se obliga a no utilizar la Web o los servicios que se presten a trav\u00e9s de \u00e9l con fines o efectos il\u00edcitos o contrarios al contenido del presente Aviso Legal, lesivos de los intereses o derechos de terceros, o que de cualquier forma pueda da\u00f1ar, inutilizar o deteriorar la Web o sus servicios o impedir un normal disfrute de la Web por otros Usuarios.<\/p>\n\n\n\n<p>3.2 El usuario se compromete expresamente a no destruir, alterar, inutilizar o, de cualquier otra forma, da\u00f1ar los datos, programas o documentos electr\u00f3nicos y dem\u00e1s que se encuentren en la Web.<\/p>\n\n\n\n<p>3.3 El usuario se compromete a no obstaculizar el acceso a otros usuarios al servicio de acceso mediante el consumo masivo de los recursos inform\u00e1ticos a trav\u00e9s de los cuales&nbsp;<strong>LA CL\u00cdNICA<\/strong>&nbsp;presta el servicio, as\u00ed como realizar acciones que da\u00f1en, interrumpan o generen errores en dichos sistemas o servicios.<\/p>\n\n\n\n<p>3.4 El usuario se compromete a no introducir programas, virus, macros, applets, controles ActiveX o cualquier otro dispositivo l\u00f3gico o secuencia de caracteres que causen o sean susceptibles de causar cualquier tipo de alteraci\u00f3n en los sistemas inform\u00e1ticos de&nbsp;<strong>LA COMPA\u00d1\u00cdA<\/strong>&nbsp;o de terceros.<\/p>\n\n\n\n<p>3.5 El usuario se compromete a no obtener informaciones, mensajes, gr\u00e1ficos, dibujos, archivos de sonido y\/o imagen, fotograf\u00edas, grabaciones, software y en general, cualquier clase de material accesible a trav\u00e9s de la Web o de los servicios ofrecidos en el mismo.<\/p>\n\n\n\n<p>3.6 Se entiende que el acceso o utilizaci\u00f3n de la Web por parte del usuario implica la aceptaci\u00f3n por \u00e9ste del Aviso Legal que&nbsp;<strong>LA CL\u00cdNICA<\/strong>&nbsp;tenga publicado en el momento del acceso, el cual estar\u00e1 siempre disponible para los usuarios.<\/p>\n\n\n\n<p>3.7 El usuario se compromete a hacer un uso adecuado de los contenidos y servicios que&nbsp;<strong>LA CL\u00cdNICA<\/strong>&nbsp;ofrece en su sede Web y a no emplearlos para incurrir en actividades il\u00edcitas o contrarias a la buena fe y al ordenamiento legal; difundir contenidos o propaganda de car\u00e1cter racista, xen\u00f3fobo, pornogr\u00e1fico-ilegal, de apolog\u00eda del terrorismo o atentatorio contra los derechos humanos.<\/p>\n\n\n\n<p><\/p>\n\n\n\n<p><strong>4. Acceso a la web<\/strong><\/p>\n\n\n\n<p>4.1 El acceso a la Web por parte de los usuarios tiene car\u00e1cter libre y gratuito.<\/p>\n\n\n\n<p>4.2 Cuando sea necesario que el usuario se registre o aporte datos personales para poder acceder a alguno de los servicios, la recogida y el tratamiento de los datos personales de los usuarios ser\u00e1 de aplicaci\u00f3n lo dispuesto en el apartado 9 de este Aviso Legal.<\/p>\n\n\n\n<p>4.3 Queda prohibida la contrataci\u00f3n de productos o servicios a trav\u00e9s de la Web por parte de menores de edad, debiendo obtener debidamente y con anterioridad, el consentimiento de sus padres, tutores o representantes legales, los cuales ser\u00e1n considerados como responsables de los actos que lleven a cabo los menores a su cargo.<\/p>\n\n\n\n<p>4.4 Si para la utilizaci\u00f3n de un servicio en la Web, el usuario debiera proceder a su registro, \u00e9ste ser\u00e1 responsable de aportar informaci\u00f3n veraz y l\u00edcita.<\/p>\n\n\n\n<p><\/p>\n\n\n\n<p><strong>5. Modificaciones Aviso Legal<\/strong><\/p>\n\n\n\n<p><strong>LA CL\u00cdNICA<\/strong>&nbsp;se reserva expresamente el derecho a modificar el presente Aviso Legal. El usuario reconoce y acepta que es su responsabilidad revisar la Web y el presente Aviso Legal.<\/p>\n\n\n\n<p><\/p>\n\n\n\n<p><strong>6. Acceso a la web<\/strong><\/p>\n\n\n\n<p>6.1.&nbsp;<strong>LA CL\u00cdNICA<\/strong>&nbsp;se compromete a realizar sus mejores esfuerzos para evitar cualquier error en los contenidos que pudieran aparecer en la Web. En cualquier caso,&nbsp;<strong>LA CL\u00cdNICA<\/strong>&nbsp;estar\u00e1 exenta de cualquier responsabilidad derivada de eventuales errores en los contenidos que pudieran aparecer en la Web, siempre que no le sean imputables.<\/p>\n\n\n\n<p>6.2&nbsp;<strong>LA COMPA\u00d1\u00cdA<\/strong>&nbsp;no garantiza que la Web y el servidor est\u00e9n libres de virus y no se hace responsable de los posibles da\u00f1os o perjuicios que se puedan derivar de interferencias, omisiones, interrupciones, virus inform\u00e1ticos, aver\u00edas telef\u00f3nicas o desconexiones en el funcionamiento operativo de este sistema electr\u00f3nico, motivado por causas ajenas a&nbsp;<strong>LA CL\u00cdNICA<\/strong>, de retrasos o bloqueos en el uso de este sistema electr\u00f3nico causados por deficiencias de l\u00edneas telef\u00f3nicas o sobrecargas en el sistema de Internet o en otros sistemas electr\u00f3nicos, as\u00ed como tambi\u00e9n de da\u00f1os que puedan ser causados por terceras personas mediante intromisiones ileg\u00edtimas fuera del control de&nbsp;<strong>LA CL\u00cdNICA<\/strong>.<\/p>\n\n\n\n<p><\/p>\n\n\n\n<p><strong>7. Limitaci\u00f3n de Garant\u00edas y Responsabilidades<\/strong><\/p>\n\n\n\n<p>7.1 Todos los derechos de Propiedad Industrial e Intelectual de la Web y de sus contenidos (textos, im\u00e1genes, sonidos, audio, v\u00eddeo, dise\u00f1os, creatividades, software) pertenecen, como autor de obra colectiva o como cesionaria, a&nbsp;<strong>LA CL\u00cdNICA<\/strong>&nbsp;o, en su caso, a terceras personas.<\/p>\n\n\n\n<p>7.2 Quedan expresamente prohibidas la reproducci\u00f3n, la distribuci\u00f3n y la comunicaci\u00f3n p\u00fablica, incluida su modalidad de puesta a disposici\u00f3n, de la totalidad o parte de los contenidos de esta p\u00e1gina Web, con cualquier fin, en cualquier soporte y por cualquier medio t\u00e9cnico, sin la autorizaci\u00f3n de&nbsp;<strong>LA CL\u00cdNICA<\/strong>. El usuario se compromete a respetar los derechos de Propiedad Industrial e Intelectual titularidad de&nbsp;<strong>LA CL\u00cdNICA<\/strong>&nbsp;y de terceros.<\/p>\n\n\n\n<p>7.3 A los efectos de lo previsto en el art\u00edculo 32.1 del Texto Refundido de la Ley de Propiedad Intelectual,&nbsp;<strong>LA CL\u00cdNICA<\/strong>&nbsp;se opone expresamente a la utilizaci\u00f3n de cualesquiera contenidos de este portal web con la finalidad de realizar rese\u00f1as con fines comerciales sin contar con la previa autorizaci\u00f3n de&nbsp;<strong>LA CL\u00cdNICA<\/strong>.<\/p>\n\n\n\n<p>7.4 El usuario puede visualizar todos los elementos, imprimirlos, copiarlos y almacenarlos en el disco duro de su ordenador o en cualquier otro soporte f\u00edsico siempre y cuando sea, \u00fanica y exclusivamente, para su uso personal y privado, quedando, por tanto, terminantemente prohibida su utilizaci\u00f3n con otros fines, su distribuci\u00f3n, as\u00ed como su modificaci\u00f3n, alteraci\u00f3n o descompilaci\u00f3n.<\/p>\n\n\n\n<p>7.5&nbsp;<strong>LA CL\u00cdNICA<\/strong>&nbsp;proporciona el acceso a todo tipo de informaciones, servicios, programas o datos en Internet que pueden pertenecer a terceras personas, en cuyo caso&nbsp;<strong>LA CL\u00cdNICA&nbsp;<\/strong>no se hace responsable de dichos contenidos ni de cuantas reclamaciones puedan derivarse de la calidad, fiabilidad, exactitud o correcci\u00f3n de los mismos.<\/p>\n\n\n\n<p><\/p>\n\n\n\n<p><strong>8. Enlaces de Terceros<\/strong><\/p>\n\n\n\n<p>8.1 En el supuesto de que en la Web se dispusieran enlaces o hiperv\u00ednculos hacia otros lugares de Internet,&nbsp;<strong>LA CL\u00cdNICA<\/strong>&nbsp;no ejercer\u00e1 ning\u00fan tipo de control sobre estos lugares y contenidos. En ning\u00fan caso&nbsp;<strong>LA CL\u00cdNICA<\/strong>&nbsp;asumir\u00e1 responsabilidad alguna por los contenidos de alg\u00fan enlace perteneciente a un lugar Web ajeno, ni garantizar\u00e1 la disponibilidad t\u00e9cnica, calidad, fiabilidad, exactitud, amplitud, veracidad, validez y constitucionalidad de cualquier material o informaci\u00f3n contenida en cabeza de los hiperv\u00ednculos u otros lugares de Internet.<\/p>\n\n\n\n<p>8.2 Estos enlaces se proporcionan \u00fanicamente para informar al Usuario sobre la existencia de otras fuentes de informaci\u00f3n sobre un tema concreto, y la inclusi\u00f3n de un enlace no implica la aprobaci\u00f3n de la p\u00e1gina web enlazada por parte de&nbsp;<strong>LA CL\u00cdNICA<\/strong>.<\/p>\n\n\n\n<p>8.3&nbsp;<strong>LA CL\u00cdNICA<\/strong>&nbsp;tan s\u00f3lo autoriza menciones a sus contenidos en otras sedes Web, con el tratamiento que \u00e9stas consideren siempre que sea respetuoso, cumpla la legislaci\u00f3n vigente y en ning\u00fan caso reproduzcan, sin la debida autorizaci\u00f3n, los contenidos de&nbsp;<strong>LA CL\u00cdNICA<\/strong>.<\/p>\n\n\n\n<p><\/p>\n\n\n\n<p><strong>9. Protecci\u00f3n de Datos Personales<\/strong><\/p>\n\n\n\n<p>9.1&nbsp;<strong>LA CL\u00cdNICA<\/strong>&nbsp;adopta las medidas t\u00e9cnicas y organizativas necesarias para garantizar la protecci\u00f3n de los datos de car\u00e1cter personal y evitar su alteraci\u00f3n, p\u00e9rdida, tratamiento y\/o acceso no autorizado, habida cuenta del estado de la t\u00e9cnica, la naturaleza de los datos almacenados y los riesgos a que est\u00e1n expuestos, todo ello, conforme a lo establecido por la legislaci\u00f3n espa\u00f1ola y europea de Protecci\u00f3n de Datos de Car\u00e1cter Personal.<\/p>\n\n\n\n<p>9.2 El usuario podr\u00e1 proporcionar a&nbsp;<strong>LA CL\u00cdNICA<\/strong>&nbsp;sus datos de car\u00e1cter personal a trav\u00e9s de los distintos formularios que a tal efecto aparecen en la Web. Dichos formularios incorporan un texto legal en materia de protecci\u00f3n de datos personales que da cumplimiento a las exigencias establecidas en el&nbsp;<strong>REGLAMENTO<\/strong>&nbsp;(UE) 2016\/679 del Parlamento Europeo y del Consejo de 27 de abril de 2016 relativo a la protecci\u00f3n de las personas f\u00edsicas en lo que respecta al tratamiento de datos personales y a la libre circulaci\u00f3n de estos datos (Reglamento General de Protecci\u00f3n de Datos \u2013 RGPD). Del mismo modo,&nbsp;<strong>LA CL\u00cdNICA<\/strong>&nbsp;podr\u00e1 obtener datos de car\u00e1cter personal originados por su navegaci\u00f3n y\/o uso de la Web.<\/p>\n\n\n\n<p>9.3 Rogamos lea atentamente los textos legales antes de facilitar sus datos de car\u00e1cter personal.<\/p>\n\n\n\n<p><\/p>\n\n\n\n<p><strong>10. Ley y Jurisdicci\u00f3n<\/strong><\/p>\n\n\n\n<p>Todas las cuestiones que se susciten entre&nbsp;<strong>LA CL\u00cdNICA<\/strong>&nbsp;y el usuario relativas a la interpretaci\u00f3n, cumplimiento y validez del presente Aviso Legal se regir\u00e1n por sus propias cl\u00e1usulas y, en lo que en ellas no estuviere previsto, de acuerdo con la legislaci\u00f3n espa\u00f1ola, someti\u00e9ndose expresamente las partes a la jurisdicci\u00f3n de los Juzgados y Tribunales del domicilio de&nbsp;<strong>LA CL\u00cdNICA.<\/strong><\/p>\n\n\n\n<p><\/p>\n","protected":false},"excerpt":{"rendered":"<p>1. Datos identificativos En cumplimiento con el deber de informaci\u00f3n recogido en el art\u00edculo 10 de la Ley 34\/2002 de 11 de julio, de Servicios de la Sociedad de la Informaci\u00f3n y del Comercio Electr\u00f3nico, a continuaci\u00f3n se reflejan los siguientes datos: La empresa titular&#8230;<\/p>\n","protected":false},"author":1,"featured_media":0,"parent":0,"menu_order":0,"comment_status":"closed","ping_status":"closed","template":"","meta":{"footnotes":""},"yoast_head":"<!-- This site is optimized with the Yoast SEO plugin v22.8 - https:\/\/yoast.com\/wordpress\/plugins\/seo\/ -->\n<title>Aviso legal | Dental Duarte Palau<\/title>\n<meta name=\"robots\" content=\"index, follow, max-snippet:-1, max-image-preview:large, max-video-preview:-1\" \/>\n<link rel=\"canonical\" href=\"https:\/\/dentalduarte.com\/clinica-dental-palau\/aviso-legal\/\" \/>\n<meta property=\"og:locale\" content=\"es_ES\" \/>\n<meta property=\"og:type\" content=\"article\" \/>\n<meta property=\"og:title\" content=\"Aviso legal | Dental Duarte Palau\" \/>\n<meta property=\"og:description\" content=\"1. Datos identificativos En cumplimiento con el deber de informaci\u00f3n recogido en el art\u00edculo 10 de la Ley 34\/2002 de 11 de julio, de Servicios de la Sociedad de la Informaci\u00f3n y del Comercio Electr\u00f3nico, a continuaci\u00f3n se reflejan los siguientes datos: La empresa titular...\" \/>\n<meta property=\"og:url\" content=\"https:\/\/dentalduarte.com\/clinica-dental-palau\/aviso-legal\/\" \/>\n<meta property=\"og:site_name\" content=\"Dental Duarte Palau\" \/>\n<meta property=\"article:modified_time\" content=\"2023-11-02T16:53:55+00:00\" \/>\n<meta name=\"twitter:card\" content=\"summary_large_image\" \/>\n<meta name=\"twitter:label1\" content=\"Tiempo de lectura\" \/>\n\t<meta name=\"twitter:data1\" content=\"8 minutos\" \/>\n<script type=\"application\/ld+json\" class=\"yoast-schema-graph\">{\"@context\":\"https:\/\/schema.org\",\"@graph\":[{\"@type\":\"WebPage\",\"@id\":\"https:\/\/dentalduarte.com\/clinica-dental-palau\/aviso-legal\/\",\"url\":\"https:\/\/dentalduarte.com\/clinica-dental-palau\/aviso-legal\/\",\"name\":\"Aviso legal | Dental Duarte Palau\",\"isPartOf\":{\"@id\":\"https:\/\/dentalduarte.com\/clinica-dental-palau\/#website\"},\"datePublished\":\"2023-11-02T16:53:54+00:00\",\"dateModified\":\"2023-11-02T16:53:55+00:00\",\"breadcrumb\":{\"@id\":\"https:\/\/dentalduarte.com\/clinica-dental-palau\/aviso-legal\/#breadcrumb\"},\"inLanguage\":\"es\",\"potentialAction\":[{\"@type\":\"ReadAction\",\"target\":[\"https:\/\/dentalduarte.com\/clinica-dental-palau\/aviso-legal\/\"]}]},{\"@type\":\"BreadcrumbList\",\"@id\":\"https:\/\/dentalduarte.com\/clinica-dental-palau\/aviso-legal\/#breadcrumb\",\"itemListElement\":[{\"@type\":\"ListItem\",\"position\":1,\"name\":\"Portada\",\"item\":\"https:\/\/dentalduarte.com\/clinica-dental-palau\/\"},{\"@type\":\"ListItem\",\"position\":2,\"name\":\"Aviso legal\"}]},{\"@type\":\"WebSite\",\"@id\":\"https:\/\/dentalduarte.com\/clinica-dental-palau\/#website\",\"url\":\"https:\/\/dentalduarte.com\/clinica-dental-palau\/\",\"name\":\"Dental Duarte\",\"description\":\"Cl\u00ednica Dental en Palau de Plegamans\",\"publisher\":{\"@id\":\"https:\/\/dentalduarte.com\/clinica-dental-palau\/#organization\"},\"potentialAction\":[{\"@type\":\"SearchAction\",\"target\":{\"@type\":\"EntryPoint\",\"urlTemplate\":\"https:\/\/dentalduarte.com\/clinica-dental-palau\/?s={search_term_string}\"},\"query-input\":\"required name=search_term_string\"}],\"inLanguage\":\"es\"},{\"@type\":\"Organization\",\"@id\":\"https:\/\/dentalduarte.com\/clinica-dental-palau\/#organization\",\"name\":\"Denta Duarte\",\"url\":\"https:\/\/dentalduarte.com\/clinica-dental-palau\/\",\"logo\":{\"@type\":\"ImageObject\",\"inLanguage\":\"es\",\"@id\":\"https:\/\/dentalduarte.com\/clinica-dental-palau\/#\/schema\/logo\/image\/\",\"url\":\"https:\/\/dentalduarte.com\/wp-content\/uploads\/2020\/09\/mogile-logo-dentalduarte.png\",\"contentUrl\":\"https:\/\/dentalduarte.com\/wp-content\/uploads\/2020\/09\/mogile-logo-dentalduarte.png\",\"width\":567,\"height\":152,\"caption\":\"Denta Duarte\"},\"image\":{\"@id\":\"https:\/\/dentalduarte.com\/clinica-dental-palau\/#\/schema\/logo\/image\/\"}}]}<\/script>\n<!-- \/ Yoast SEO plugin. -->","yoast_head_json":{"title":"Aviso legal | Dental Duarte Palau","robots":{"index":"index","follow":"follow","max-snippet":"max-snippet:-1","max-image-preview":"max-image-preview:large","max-video-preview":"max-video-preview:-1"},"canonical":"https:\/\/dentalduarte.com\/clinica-dental-palau\/aviso-legal\/","og_locale":"es_ES","og_type":"article","og_title":"Aviso legal | Dental Duarte Palau","og_description":"1. Datos identificativos En cumplimiento con el deber de informaci\u00f3n recogido en el art\u00edculo 10 de la Ley 34\/2002 de 11 de julio, de Servicios de la Sociedad de la Informaci\u00f3n y del Comercio Electr\u00f3nico, a continuaci\u00f3n se reflejan los siguientes datos: La empresa titular...","og_url":"https:\/\/dentalduarte.com\/clinica-dental-palau\/aviso-legal\/","og_site_name":"Dental Duarte Palau","article_modified_time":"2023-11-02T16:53:55+00:00","twitter_card":"summary_large_image","twitter_misc":{"Tiempo de lectura":"8 minutos"},"schema":{"@context":"https:\/\/schema.org","@graph":[{"@type":"WebPage","@id":"https:\/\/dentalduarte.com\/clinica-dental-palau\/aviso-legal\/","url":"https:\/\/dentalduarte.com\/clinica-dental-palau\/aviso-legal\/","name":"Aviso legal | Dental Duarte Palau","isPartOf":{"@id":"https:\/\/dentalduarte.com\/clinica-dental-palau\/#website"},"datePublished":"2023-11-02T16:53:54+00:00","dateModified":"2023-11-02T16:53:55+00:00","breadcrumb":{"@id":"https:\/\/dentalduarte.com\/clinica-dental-palau\/aviso-legal\/#breadcrumb"},"inLanguage":"es","potentialAction":[{"@type":"ReadAction","target":["https:\/\/dentalduarte.com\/clinica-dental-palau\/aviso-legal\/"]}]},{"@type":"BreadcrumbList","@id":"https:\/\/dentalduarte.com\/clinica-dental-palau\/aviso-legal\/#breadcrumb","itemListElement":[{"@type":"ListItem","position":1,"name":"Portada","item":"https:\/\/dentalduarte.com\/clinica-dental-palau\/"},{"@type":"ListItem","position":2,"name":"Aviso legal"}]},{"@type":"WebSite","@id":"https:\/\/dentalduarte.com\/clinica-dental-palau\/#website","url":"https:\/\/dentalduarte.com\/clinica-dental-palau\/","name":"Dental Duarte","description":"Cl\u00ednica Dental en Palau de Plegamans","publisher":{"@id":"https:\/\/dentalduarte.com\/clinica-dental-palau\/#organization"},"potentialAction":[{"@type":"SearchAction","target":{"@type":"EntryPoint","urlTemplate":"https:\/\/dentalduarte.com\/clinica-dental-palau\/?s={search_term_string}"},"query-input":"required name=search_term_string"}],"inLanguage":"es"},{"@type":"Organization","@id":"https:\/\/dentalduarte.com\/clinica-dental-palau\/#organization","name":"Denta Duarte","url":"https:\/\/dentalduarte.com\/clinica-dental-palau\/","logo":{"@type":"ImageObject","inLanguage":"es","@id":"https:\/\/dentalduarte.com\/clinica-dental-palau\/#\/schema\/logo\/image\/","url":"https:\/\/dentalduarte.com\/wp-content\/uploads\/2020\/09\/mogile-logo-dentalduarte.png","contentUrl":"https:\/\/dentalduarte.com\/wp-content\/uploads\/2020\/09\/mogile-logo-dentalduarte.png","width":567,"height":152,"caption":"Denta Duarte"},"image":{"@id":"https:\/\/dentalduarte.com\/clinica-dental-palau\/#\/schema\/logo\/image\/"}}]}},"_links":{"self":[{"href":"https:\/\/dentalduarte.com\/clinica-dental-palau\/wp-json\/wp\/v2\/pages\/613"}],"collection":[{"href":"https:\/\/dentalduarte.com\/clinica-dental-palau\/wp-json\/wp\/v2\/pages"}],"about":[{"href":"https:\/\/dentalduarte.com\/clinica-dental-palau\/wp-json\/wp\/v2\/types\/page"}],"author":[{"embeddable":true,"href":"https:\/\/dentalduarte.com\/clinica-dental-palau\/wp-json\/wp\/v2\/users\/1"}],"replies":[{"embeddable":true,"href":"https:\/\/dentalduarte.com\/clinica-dental-palau\/wp-json\/wp\/v2\/comments?post=613"}],"version-history":[{"count":7,"href":"https:\/\/dentalduarte.com\/clinica-dental-palau\/wp-json\/wp\/v2\/pages\/613\/revisions"}],"predecessor-version":[{"id":625,"href":"https:\/\/dentalduarte.com\/clinica-dental-palau\/wp-json\/wp\/v2\/pages\/613\/revisions\/625"}],"wp:attachment":[{"href":"https:\/\/dentalduarte.com\/clinica-dental-palau\/wp-json\/wp\/v2\/media?parent=613"}],"curies":[{"name":"wp","href":"https:\/\/api.w.org\/{rel}","templated":true}]}}