{"id":520,"date":"2021-03-04T16:53:53","date_gmt":"2021-03-04T15:53:53","guid":{"rendered":"https:\/\/dentalduarte.com\/clinica-dental-palau\/?page_id=520"},"modified":"2021-03-04T16:59:16","modified_gmt":"2021-03-04T15:59:16","slug":"revisiones-empastes","status":"publish","type":"page","link":"https:\/\/dentalduarte.com\/clinica-dental-palau\/tratamientos\/revisiones-empastes\/","title":{"rendered":"Caries"},"content":{"rendered":"<div class=\"wpb-content-wrapper\"><p>[vc_row css_animation=&#8221;&#8221; row_type=&#8221;row&#8221; use_row_as_full_screen_section=&#8221;no&#8221; type=&#8221;full_width&#8221; angled_section=&#8221;no&#8221; text_align=&#8221;left&#8221; background_image_as_pattern=&#8221;without_pattern&#8221;][vc_column][vc_column_text]<\/p>\n<p class=\"p1\"><span class=\"s1\">La caries dental es el da\u00f1o que le puede ocurrir a un diente cuando las bacterias que causan caries que se encuentran en la boca producen \u00e1cidos que atacan la superficie del diente o esmalte. Esto puede resultar en un peque\u00f1o agujero en el diente, al que se le llama caries.<\/span><\/p>\n<p class=\"p3\"><span class=\"s1\">\u00c9ste es uno de los problemas de salud m\u00e1s frecuentes en el mundo. Aparecen con especial frecuencia en los ni\u00f1os, adolescentes y adultos mayores. Sin embargo, todas las personas que tienen dientes pueden tener caries, incluso los beb\u00e9s. Los ni\u00f1os peque\u00f1os corren el riesgo de tener \u201ccaries de la primera infancia\u201d, algunas veces llamada caries del biber\u00f3n, que es la caries dental grave en los dientes temporales (\u201cdientes de leche\u201d).<\/span><\/p>\n<p class=\"p3\"><span class=\"s1\">Si no se tratan, las caries pueden extenderse y afectar capas m\u00e1s profundas de los dientes. Pueden provocar dolor intenso, infecciones y p\u00e9rdida de dientes. Las mejores medidas de protecci\u00f3n contra las caries dentales son las consultas regulares al dentista y los buenos h\u00e1bitos de cepillado y uso del hilo dental.<\/span><\/p>\n<p class=\"p1\"><span class=\"s1\"><b>Causas<\/b><\/span><\/p>\n<p class=\"p1\"><span class=\"s1\">Cuando las bacterias que causan las caries entran en contacto con las az\u00facares y los almidones de los alimentos y las bebidas, forman un \u00e1cido. Este \u00e1cido puede atacar el esmalte del diente, lo que causa que este pierda minerales.<\/span><\/p>\n<p class=\"p1\"><span class=\"s1\">Esto puede suceder si come o bebe a menudo, sobre todo alimentos y bebidas que contienen az\u00facar y almidones. Los ciclos repetidos de estos &#8220;ataques de \u00e1cido&#8221; har\u00e1n que el esmalte contin\u00fae perdiendo minerales. Con el tiempo, el esmalte se debilita y luego se destruye, y esto resulta en una caries.<\/span><\/p>\n<p class=\"p1\"><span class=\"s1\"><b>S\u00edntomas<\/b><\/span><\/p>\n<p class=\"p1\"><span class=\"s1\">En general, la caries dental no provoca s\u00edntomas si est\u00e1 en sus inicios.<\/span><\/p>\n<p class=\"p3\"><span class=\"s1\">A medida que la caries aumenta de tama\u00f1o, esta puede provocar signos y s\u00edntomas, como los siguientes:<\/span><\/p>\n<ul class=\"ul1\">\n<li class=\"li6\"><span class=\"s2\">Dolor repentino o dolor que se produce sin causa aparente<\/span><\/li>\n<li class=\"li6\"><span class=\"s2\">Sensibilidad en los dientes<\/span><\/li>\n<li class=\"li6\"><span class=\"s2\">Dolor leve a agudo cuando se come o bebe algo dulce, caliente o fr\u00edo<\/span><\/li>\n<li class=\"li6\"><span class=\"s2\">Agujeros u hoyos visibles en los dientes<\/span><\/li>\n<li class=\"li6\"><span class=\"s2\">Mancha marr\u00f3n, negra o blanca en cualquier superficie de un diente<\/span><\/li>\n<li class=\"li6\"><span class=\"s2\">Dolor al morder<\/span><\/li>\n<li class=\"li6\"><span class=\"s2\">En algunos casos puede producir inflamaci\u00f3n y absceso<\/span><\/li>\n<\/ul>\n<p class=\"p1\"><span class=\"s1\"><b>Diagn\u00f3stico<\/b><\/span><\/p>\n<p class=\"p1\"><span class=\"s1\">La caries se puede detectar durante una revisi\u00f3n dental de rutina. Cuando reci\u00e9n se forma, puede parecer una mancha blanca en el diente. Si la caries est\u00e1 m\u00e1s avanzada, puede parecer una mancha m\u00e1s oscura o un agujero en el diente. En ocasiones el diagn\u00f3stico cl\u00ednico se complemeta con radiograf\u00edas, ya que caries interdentales pueden no observarse a simple vista. <\/span><\/p>\n<p class=\"p3\"><span class=\"s1\"><b>Factores de riesgo<\/b><\/span><\/p>\n<p class=\"p3\"><span class=\"s1\">Todas las personas que tienen dientes est\u00e1n en riesgo de tener caries, aunque los siguientes factores podr\u00edan aumentar las posibilidades:<\/span><\/p>\n<ul class=\"ul1\">\n<li class=\"li6\"><b><\/b><span class=\"s2\"><b>Ubicaci\u00f3n del diente.<\/b> Las caries son m\u00e1s frecuentes en dientes posteriores (molares y premolares). Estos dientes tienen muchos surcos, grietas y varias ra\u00edces que pueden acumular part\u00edculas de alimentos. Como resultado, es m\u00e1s dif\u00edcil mantenerlos limpios en comparaci\u00f3n con los dientes delanteros, que son m\u00e1s lisos y f\u00e1ciles de alcanzar.<\/span><\/li>\n<li class=\"li6\"><b><\/b><span class=\"s2\"><b>Ciertos alimentos y bebidas.<\/b> Los alimentos que se adhieren a los dientes durante mucho tiempo, como la leche, el helado, la miel, el az\u00facar, las bebidas gaseosas, los frutos secos, el pastel, las galletas, los caramelos duros, las pastillas de menta, los cereales secos y las patatas fritas, tienen mayores probabilidades de causar caries que los que se eliminan f\u00e1cilmente mediante la saliva.<\/span><\/li>\n<li class=\"li6\"><b><\/b><span class=\"s2\"><b>Comer o beber con frecuencia.<\/b> Al comer tentempi\u00e9s o consumir bebidas azucaradas constantemente, se aporta a las bacterias de la boca m\u00e1s alimento para producir los \u00e1cidos que atacan los dientes y los desgastan. Adem\u00e1s, beber bebidas con gas y otras bebidas \u00e1cidas durante el d\u00eda ayuda a crear una capa de \u00e1cido continua sobre los dientes.<\/span><\/li>\n<li class=\"li6\"><b><\/b><span class=\"s2\"><b>Alimentaci\u00f3n de los beb\u00e9s antes de acostarse.<\/b> Cuando los beb\u00e9s toman biberones con leche, leche materna, zumos u otros l\u00edquidos con az\u00facar antes de dormir, esas bebidas permanecen en los dientes durante horas mientras los beb\u00e9s duermen, lo que alimenta a las bacterias que causan caries. Este da\u00f1o se suele llamar \u00abcaries del biber\u00f3n o de la infancia\u00bb. Un da\u00f1o similar puede producirse cuando los ni\u00f1os peque\u00f1os caminan de un lado a otro mientras beben esas bebidas de un vaso con boquilla.<\/span><\/li>\n<li class=\"li6\"><b><\/b><span class=\"s2\"><b>Cepillado inadecuado.<\/b> Si no se rea\u00f1liza una adecuada higiene con cepillado manual o el\u00e9ctrico despu\u00e9s de comer y beber, la placa dental se forma r\u00e1pidamente y pueden empezar a aparecer las primeras fases de la caries.<\/span><\/li>\n<li class=\"li6\"><b><\/b><span class=\"s2\"><b>Falta de fl\u00faor.<\/b> El fl\u00faor, un mineral que se produce de forma natural, ayuda a prevenir las caries e incluso puede revertir las primeras fases del da\u00f1o dental. Debido a sus beneficios para los dientes, el fl\u00faor se a\u00f1ade a muchos suministros de agua. Tambi\u00e9n es un componente frecuente de la pasta de dientes y de los enjuagues bucales. <\/span><\/li>\n<li class=\"li6\"><b><\/b><span class=\"s2\"><b>Edad.<\/b> Las caries son frecuentes en los ni\u00f1os peque\u00f1os y en los adolescentes. Los adultos mayores tambi\u00e9n corren un mayor riesgo de tenerlas. Con el tiempo, es posible que los dientes se desgasten y las enc\u00edas se retraigan, lo que hace a los dientes m\u00e1s vulnerables al deterioro. Los adultos mayores pueden tomar medicamentos que reducen la salivaci\u00f3n, lo que aumenta el riesgo de que se formen caries.<\/span><\/li>\n<li class=\"li6\"><b><\/b><span class=\"s2\"><b>Sequedad de boca.<\/b> La sequedad de boca est\u00e0 causada por la falta de saliva, que ayuda a prevenir las caries al eliminar los alimentos y la placa de los dientes. Las sustancias que contiene la saliva tambi\u00e9n ayudan a contrarrestar el \u00e1cido producido por las bacterias. Algunos medicamentos, algunas enfermedades, la radiaci\u00f3n en la cabeza o el cuello y ciertos medicamentos de quimioterapia pueden aumentar el riesgo de tener caries ya que disminuyen la producci\u00f3n de saliva.<\/span><\/li>\n<li class=\"li6\"><b><\/b><span class=\"s2\"><b>Empastes desgastados o dispositivos dentales.<\/b> Con los a\u00f1os, los empastes pueden debilitarse, comenzar a romperse o formar bordes rugosos. Esto permite que la placa se acumule m\u00e1s f\u00e1cilmente y dificulta su eliminaci\u00f3n con el cepillado. Los dispositivos dentales (pr\u00f3tesis dentales removibles o fijas) pueden desajustarse, lo que permite que se empiecen a formar caries debajo de ellos.<\/span><\/li>\n<li class=\"li6\"><b><\/b><span class=\"s2\"><b>Ardor de est\u00f3mago.<\/b> El ardor de est\u00f3mago o la enfermedad por reflujo gastroesof\u00e1gico pueden hacer que el \u00e1cido estomacal suba hasta la boca (reflujo), lo que provoca el desgaste del esmalte y causa un da\u00f1o importante en los dientes. Eso expone una mayor parte de la dentina a los ataques de las bacterias y crea caries.<\/span><\/li>\n<li class=\"li6\"><b><\/b><span class=\"s2\"><b>Trastornos de la alimentaci\u00f3n.<\/b> La anorexia y la bulimia pueden provocar erosi\u00f3n dental y caries importantes. El \u00e1cido estomacal de los v\u00f3mitos reiterados cubre los dientes y disuelve el esmalte. Los trastornos de la alimentaci\u00f3n tambi\u00e9n pueden interferir en la producci\u00f3n de saliva.<\/span><\/li>\n<\/ul>\n<p>[\/vc_column_text][\/vc_column][\/vc_row]<\/p>\n<\/div>","protected":false},"excerpt":{"rendered":"<p>[vc_row css_animation=&#8221;&#8221; row_type=&#8221;row&#8221; use_row_as_full_screen_section=&#8221;no&#8221; type=&#8221;full_width&#8221; angled_section=&#8221;no&#8221; text_align=&#8221;left&#8221; background_image_as_pattern=&#8221;without_pattern&#8221;][vc_column][vc_column_text] La caries dental es el da\u00f1o que le puede ocurrir a un diente cuando las bacterias que causan caries que se encuentran en la boca producen \u00e1cidos que atacan la superficie del diente o esmalte. Esto puede&#8230;<\/p>\n","protected":false},"author":1,"featured_media":0,"parent":150,"menu_order":0,"comment_status":"closed","ping_status":"closed","template":"","meta":{"footnotes":""},"yoast_head":"<!-- This site is optimized with the Yoast SEO plugin v22.8 - https:\/\/yoast.com\/wordpress\/plugins\/seo\/ -->\n<title>Caries | Dental Duarte Palau<\/title>\n<meta name=\"robots\" content=\"index, follow, max-snippet:-1, max-image-preview:large, max-video-preview:-1\" \/>\n<link rel=\"canonical\" href=\"https:\/\/dentalduarte.com\/clinica-dental-palau\/tratamientos\/revisiones-empastes\/\" \/>\n<meta property=\"og:locale\" content=\"es_ES\" \/>\n<meta property=\"og:type\" content=\"article\" \/>\n<meta property=\"og:title\" content=\"Caries | Dental Duarte Palau\" \/>\n<meta property=\"og:description\" content=\"[vc_row css_animation=&#8221;&#8221; row_type=&#8221;row&#8221; use_row_as_full_screen_section=&#8221;no&#8221; type=&#8221;full_width&#8221; angled_section=&#8221;no&#8221; text_align=&#8221;left&#8221; background_image_as_pattern=&#8221;without_pattern&#8221;][vc_column][vc_column_text] La caries dental es el da\u00f1o que le puede ocurrir a un diente cuando las bacterias que causan caries que se encuentran en la boca producen \u00e1cidos que atacan la superficie del diente o esmalte. Esto puede...\" \/>\n<meta property=\"og:url\" content=\"https:\/\/dentalduarte.com\/clinica-dental-palau\/tratamientos\/revisiones-empastes\/\" \/>\n<meta property=\"og:site_name\" content=\"Dental Duarte Palau\" \/>\n<meta property=\"article:modified_time\" content=\"2021-03-04T15:59:16+00:00\" \/>\n<meta name=\"twitter:card\" content=\"summary_large_image\" \/>\n<meta name=\"twitter:label1\" content=\"Tiempo de lectura\" \/>\n\t<meta name=\"twitter:data1\" content=\"5 minutos\" \/>\n<script type=\"application\/ld+json\" class=\"yoast-schema-graph\">{\"@context\":\"https:\/\/schema.org\",\"@graph\":[{\"@type\":\"WebPage\",\"@id\":\"https:\/\/dentalduarte.com\/clinica-dental-palau\/tratamientos\/revisiones-empastes\/\",\"url\":\"https:\/\/dentalduarte.com\/clinica-dental-palau\/tratamientos\/revisiones-empastes\/\",\"name\":\"Caries | Dental Duarte Palau\",\"isPartOf\":{\"@id\":\"https:\/\/dentalduarte.com\/clinica-dental-palau\/#website\"},\"datePublished\":\"2021-03-04T15:53:53+00:00\",\"dateModified\":\"2021-03-04T15:59:16+00:00\",\"breadcrumb\":{\"@id\":\"https:\/\/dentalduarte.com\/clinica-dental-palau\/tratamientos\/revisiones-empastes\/#breadcrumb\"},\"inLanguage\":\"es\",\"potentialAction\":[{\"@type\":\"ReadAction\",\"target\":[\"https:\/\/dentalduarte.com\/clinica-dental-palau\/tratamientos\/revisiones-empastes\/\"]}]},{\"@type\":\"BreadcrumbList\",\"@id\":\"https:\/\/dentalduarte.com\/clinica-dental-palau\/tratamientos\/revisiones-empastes\/#breadcrumb\",\"itemListElement\":[{\"@type\":\"ListItem\",\"position\":1,\"name\":\"Portada\",\"item\":\"https:\/\/dentalduarte.com\/clinica-dental-palau\/\"},{\"@type\":\"ListItem\",\"position\":2,\"name\":\"Tratamientos\",\"item\":\"https:\/\/dentalduarte.com\/clinica-dental-palau\/tratamientos\/\"},{\"@type\":\"ListItem\",\"position\":3,\"name\":\"Caries\"}]},{\"@type\":\"WebSite\",\"@id\":\"https:\/\/dentalduarte.com\/clinica-dental-palau\/#website\",\"url\":\"https:\/\/dentalduarte.com\/clinica-dental-palau\/\",\"name\":\"Dental Duarte\",\"description\":\"Cl\u00ednica Dental en Palau de Plegamans\",\"publisher\":{\"@id\":\"https:\/\/dentalduarte.com\/clinica-dental-palau\/#organization\"},\"potentialAction\":[{\"@type\":\"SearchAction\",\"target\":{\"@type\":\"EntryPoint\",\"urlTemplate\":\"https:\/\/dentalduarte.com\/clinica-dental-palau\/?s={search_term_string}\"},\"query-input\":\"required name=search_term_string\"}],\"inLanguage\":\"es\"},{\"@type\":\"Organization\",\"@id\":\"https:\/\/dentalduarte.com\/clinica-dental-palau\/#organization\",\"name\":\"Denta Duarte\",\"url\":\"https:\/\/dentalduarte.com\/clinica-dental-palau\/\",\"logo\":{\"@type\":\"ImageObject\",\"inLanguage\":\"es\",\"@id\":\"https:\/\/dentalduarte.com\/clinica-dental-palau\/#\/schema\/logo\/image\/\",\"url\":\"https:\/\/dentalduarte.com\/wp-content\/uploads\/2020\/09\/mogile-logo-dentalduarte.png\",\"contentUrl\":\"https:\/\/dentalduarte.com\/wp-content\/uploads\/2020\/09\/mogile-logo-dentalduarte.png\",\"width\":567,\"height\":152,\"caption\":\"Denta Duarte\"},\"image\":{\"@id\":\"https:\/\/dentalduarte.com\/clinica-dental-palau\/#\/schema\/logo\/image\/\"}}]}<\/script>\n<!-- \/ Yoast SEO plugin. -->","yoast_head_json":{"title":"Caries | Dental Duarte Palau","robots":{"index":"index","follow":"follow","max-snippet":"max-snippet:-1","max-image-preview":"max-image-preview:large","max-video-preview":"max-video-preview:-1"},"canonical":"https:\/\/dentalduarte.com\/clinica-dental-palau\/tratamientos\/revisiones-empastes\/","og_locale":"es_ES","og_type":"article","og_title":"Caries | Dental Duarte Palau","og_description":"[vc_row css_animation=&#8221;&#8221; row_type=&#8221;row&#8221; use_row_as_full_screen_section=&#8221;no&#8221; type=&#8221;full_width&#8221; angled_section=&#8221;no&#8221; text_align=&#8221;left&#8221; background_image_as_pattern=&#8221;without_pattern&#8221;][vc_column][vc_column_text] La caries dental es el da\u00f1o que le puede ocurrir a un diente cuando las bacterias que causan caries que se encuentran en la boca producen \u00e1cidos que atacan la superficie del diente o esmalte. Esto puede...","og_url":"https:\/\/dentalduarte.com\/clinica-dental-palau\/tratamientos\/revisiones-empastes\/","og_site_name":"Dental Duarte Palau","article_modified_time":"2021-03-04T15:59:16+00:00","twitter_card":"summary_large_image","twitter_misc":{"Tiempo de lectura":"5 minutos"},"schema":{"@context":"https:\/\/schema.org","@graph":[{"@type":"WebPage","@id":"https:\/\/dentalduarte.com\/clinica-dental-palau\/tratamientos\/revisiones-empastes\/","url":"https:\/\/dentalduarte.com\/clinica-dental-palau\/tratamientos\/revisiones-empastes\/","name":"Caries | Dental Duarte Palau","isPartOf":{"@id":"https:\/\/dentalduarte.com\/clinica-dental-palau\/#website"},"datePublished":"2021-03-04T15:53:53+00:00","dateModified":"2021-03-04T15:59:16+00:00","breadcrumb":{"@id":"https:\/\/dentalduarte.com\/clinica-dental-palau\/tratamientos\/revisiones-empastes\/#breadcrumb"},"inLanguage":"es","potentialAction":[{"@type":"ReadAction","target":["https:\/\/dentalduarte.com\/clinica-dental-palau\/tratamientos\/revisiones-empastes\/"]}]},{"@type":"BreadcrumbList","@id":"https:\/\/dentalduarte.com\/clinica-dental-palau\/tratamientos\/revisiones-empastes\/#breadcrumb","itemListElement":[{"@type":"ListItem","position":1,"name":"Portada","item":"https:\/\/dentalduarte.com\/clinica-dental-palau\/"},{"@type":"ListItem","position":2,"name":"Tratamientos","item":"https:\/\/dentalduarte.com\/clinica-dental-palau\/tratamientos\/"},{"@type":"ListItem","position":3,"name":"Caries"}]},{"@type":"WebSite","@id":"https:\/\/dentalduarte.com\/clinica-dental-palau\/#website","url":"https:\/\/dentalduarte.com\/clinica-dental-palau\/","name":"Dental Duarte","description":"Cl\u00ednica Dental en Palau de Plegamans","publisher":{"@id":"https:\/\/dentalduarte.com\/clinica-dental-palau\/#organization"},"potentialAction":[{"@type":"SearchAction","target":{"@type":"EntryPoint","urlTemplate":"https:\/\/dentalduarte.com\/clinica-dental-palau\/?s={search_term_string}"},"query-input":"required name=search_term_string"}],"inLanguage":"es"},{"@type":"Organization","@id":"https:\/\/dentalduarte.com\/clinica-dental-palau\/#organization","name":"Denta Duarte","url":"https:\/\/dentalduarte.com\/clinica-dental-palau\/","logo":{"@type":"ImageObject","inLanguage":"es","@id":"https:\/\/dentalduarte.com\/clinica-dental-palau\/#\/schema\/logo\/image\/","url":"https:\/\/dentalduarte.com\/wp-content\/uploads\/2020\/09\/mogile-logo-dentalduarte.png","contentUrl":"https:\/\/dentalduarte.com\/wp-content\/uploads\/2020\/09\/mogile-logo-dentalduarte.png","width":567,"height":152,"caption":"Denta Duarte"},"image":{"@id":"https:\/\/dentalduarte.com\/clinica-dental-palau\/#\/schema\/logo\/image\/"}}]}},"_links":{"self":[{"href":"https:\/\/dentalduarte.com\/clinica-dental-palau\/wp-json\/wp\/v2\/pages\/520"}],"collection":[{"href":"https:\/\/dentalduarte.com\/clinica-dental-palau\/wp-json\/wp\/v2\/pages"}],"about":[{"href":"https:\/\/dentalduarte.com\/clinica-dental-palau\/wp-json\/wp\/v2\/types\/page"}],"author":[{"embeddable":true,"href":"https:\/\/dentalduarte.com\/clinica-dental-palau\/wp-json\/wp\/v2\/users\/1"}],"replies":[{"embeddable":true,"href":"https:\/\/dentalduarte.com\/clinica-dental-palau\/wp-json\/wp\/v2\/comments?post=520"}],"version-history":[{"count":1,"href":"https:\/\/dentalduarte.com\/clinica-dental-palau\/wp-json\/wp\/v2\/pages\/520\/revisions"}],"predecessor-version":[{"id":521,"href":"https:\/\/dentalduarte.com\/clinica-dental-palau\/wp-json\/wp\/v2\/pages\/520\/revisions\/521"}],"up":[{"embeddable":true,"href":"https:\/\/dentalduarte.com\/clinica-dental-palau\/wp-json\/wp\/v2\/pages\/150"}],"wp:attachment":[{"href":"https:\/\/dentalduarte.com\/clinica-dental-palau\/wp-json\/wp\/v2\/media?parent=520"}],"curies":[{"name":"wp","href":"https:\/\/api.w.org\/{rel}","templated":true}]}}