{"id":518,"date":"2021-03-04T16:49:57","date_gmt":"2021-03-04T15:49:57","guid":{"rendered":"https:\/\/dentalduarte.com\/clinica-dental-palau\/?page_id=518"},"modified":"2021-03-04T16:49:57","modified_gmt":"2021-03-04T15:49:57","slug":"implantes-dentales","status":"publish","type":"page","link":"https:\/\/dentalduarte.com\/clinica-dental-palau\/tratamientos\/implantes-dentales\/","title":{"rendered":"Implantes dentales"},"content":{"rendered":"<div class=\"wpb-content-wrapper\"><p>[vc_row css_animation=&#8221;&#8221; row_type=&#8221;row&#8221; use_row_as_full_screen_section=&#8221;no&#8221; type=&#8221;full_width&#8221; angled_section=&#8221;no&#8221; text_align=&#8221;left&#8221; background_image_as_pattern=&#8221;without_pattern&#8221;][vc_column][vc_column_text]<\/p>\n<p class=\"p1\"><span class=\"s1\">Antes de un tratamiento con implantes es fundamental realizar una revisi\u00f3n general de la boca del paciente para tratar posibles infecciones, presencia inflamaci\u00f3n como gingivitis o periodontitis o caries dental. Tras el tratamiento de saneamiento necesario que necesite el paciente, realizaremos siempre un estudio radiol\u00f3gico basado en un ortopantom,ograf\u00eda y una tomograf\u00eda computerizada (TAC) que nos permitir\u00e1 planificar la colocaci\u00f3n ideal del implante, que se conoceremos con exactitud las dimensiones de los tejidos del paciente.<\/span><\/p>\n<p class=\"p1\"><span class=\"s1\">Cuando los pacientes presentan p\u00e9rdida de dientes, \u00e9stos pueden reemplazarse mediante pr\u00f3tesis removibles (de poner y sacar) o mediante pr\u00f3tesis fija. \u00c9sta \u00faltima puede realizarse mediante coronas o puentes soportados por los dientes que le quedan al paciente. Sin embargo, en ocasiones, estos dientes son pocos o no est\u00e1n en condiciones de soportar fuerzas, por lo que la alternativa m\u00e1s utilizada y fiable es la rehabilitaci\u00f3n mediante implantes dentales.<\/span><\/p>\n<p class=\"p1\"><span class=\"s1\">Los implantes dentales se han estudiado extensamente y han demostrado ser una buena opci\u00f3n de tratamiento. Est\u00e1n elaborados con un material llamado titanio que es biocompatible, por lo que se adapta perfectamente a los tejidos (hueso y enc\u00eda).<\/span><\/p>\n<p class=\"p1\"><span class=\"s1\">La colocaci\u00f3n de implantes dentales puede realizarse en zonas donde ya no hay dientes o puede realizarse la t\u00e9cnica de implante inmediato: en el momento de la extracci\u00f3n dental, si la situaci\u00f3n es la adecuada y no hay infecci\u00f3n, se puede colocar el implante. Esta t\u00e9cnica acorta el tiempo de tratamiento y permite preservar al m\u00e1ximo el hueso del paciente, ya que sabemos que tras una extracci\u00f3n dental se produce una considerable reabsorci\u00f3n \u00f3sea que en ocasiones puede dificultar la colocaci\u00f3n de implantes en un futuro.<\/span><\/p>\n<p class=\"p1\"><span class=\"s1\">Actualmente realizamos cirug\u00edas m\u00ednimamente invasivas en las que no se desprenden los tejidos, por tanto no se crean heridas ni se requieren puentes para cerrarlas.<\/span><\/p>\n<p class=\"p1\"><span class=\"s1\">Tras la colocaci\u00f3n del implante, se requiere un tiempode espera de entre 3 y 4 meses para que se produzca lo que conocemos como oseo integraci\u00f3n: proceso por el cual el hueso se \u00fane fuertemente a la superficie de titanio del implante. Transcurrido este tiempo, se realiza la corona sobre el implante.<\/span><\/p>\n<p class=\"p1\"><span class=\"s1\">En caso que el implante est\u00e9 en una zona est\u00e9tica (zona que el paciente en\u00f1a al sonre\u00edr), se dar\u00e1 la opci\u00f3n al paciente de realizar una carga inmediata, es decir, en el momento de la colocaci\u00f3n del implante se colocar\u00e1 un corona provisional para que el paciente pueda sonre\u00edr con tranquilidad. Pasados 3-4 meses se realizar\u00e1 la corona definitiva con la que adem\u00e1s podr\u00e1 masticar perfectamente.<\/span><\/p>\n<p class=\"p1\"><span class=\"s1\">Es fundamental para obtener \u00e9xito a largo plazo que el paciente tenga buena higiene oral y acuda a las visitas de control e higiene dental que siempre programemos. Se recomienda realizar una radiograf\u00eda anual del implante para evaluar el buen estado de los tejidos que lo sostienen.<\/span><\/p>\n<p class=\"p1\"><span class=\"s1\">Actualmente, los implantes utilizados Sweden&amp;Martina, adem\u00e1s de aportar una excelente calidad del implante, permite preservar al m\u00e1ximo la enc\u00eda y el hueso del paciente, lo que aporta mejores resultados a lo largo del tiempo. Estos implantes presentan un nuevo dise\u00f1o denominado BOPT que mejora la calidad de los tejidos.<\/span><\/p>\n<p>[\/vc_column_text][\/vc_column][\/vc_row]<\/p>\n<\/div>","protected":false},"excerpt":{"rendered":"<p>[vc_row css_animation=&#8221;&#8221; row_type=&#8221;row&#8221; use_row_as_full_screen_section=&#8221;no&#8221; type=&#8221;full_width&#8221; angled_section=&#8221;no&#8221; text_align=&#8221;left&#8221; background_image_as_pattern=&#8221;without_pattern&#8221;][vc_column][vc_column_text] Antes de un tratamiento con implantes es fundamental realizar una revisi\u00f3n general de la boca del paciente para tratar posibles infecciones, presencia inflamaci\u00f3n como gingivitis o periodontitis o caries dental. Tras el tratamiento de saneamiento necesario que&#8230;<\/p>\n","protected":false},"author":1,"featured_media":0,"parent":150,"menu_order":0,"comment_status":"closed","ping_status":"closed","template":"","meta":{"footnotes":""},"yoast_head":"<!-- This site is optimized with the Yoast SEO plugin v22.8 - https:\/\/yoast.com\/wordpress\/plugins\/seo\/ -->\n<title>Implantes dentales | Dental Duarte Palau<\/title>\n<meta name=\"robots\" content=\"index, follow, max-snippet:-1, max-image-preview:large, max-video-preview:-1\" \/>\n<link rel=\"canonical\" href=\"https:\/\/dentalduarte.com\/clinica-dental-palau\/tratamientos\/implantes-dentales\/\" \/>\n<meta property=\"og:locale\" content=\"es_ES\" \/>\n<meta property=\"og:type\" content=\"article\" \/>\n<meta property=\"og:title\" content=\"Implantes dentales | Dental Duarte Palau\" \/>\n<meta property=\"og:description\" content=\"[vc_row css_animation=&#8221;&#8221; row_type=&#8221;row&#8221; use_row_as_full_screen_section=&#8221;no&#8221; type=&#8221;full_width&#8221; angled_section=&#8221;no&#8221; text_align=&#8221;left&#8221; background_image_as_pattern=&#8221;without_pattern&#8221;][vc_column][vc_column_text] Antes de un tratamiento con implantes es fundamental realizar una revisi\u00f3n general de la boca del paciente para tratar posibles infecciones, presencia inflamaci\u00f3n como gingivitis o periodontitis o caries dental. Tras el tratamiento de saneamiento necesario que...\" \/>\n<meta property=\"og:url\" content=\"https:\/\/dentalduarte.com\/clinica-dental-palau\/tratamientos\/implantes-dentales\/\" \/>\n<meta property=\"og:site_name\" content=\"Dental Duarte Palau\" \/>\n<meta name=\"twitter:card\" content=\"summary_large_image\" \/>\n<meta name=\"twitter:label1\" content=\"Tiempo de lectura\" \/>\n\t<meta name=\"twitter:data1\" content=\"3 minutos\" \/>\n<script type=\"application\/ld+json\" class=\"yoast-schema-graph\">{\"@context\":\"https:\/\/schema.org\",\"@graph\":[{\"@type\":\"WebPage\",\"@id\":\"https:\/\/dentalduarte.com\/clinica-dental-palau\/tratamientos\/implantes-dentales\/\",\"url\":\"https:\/\/dentalduarte.com\/clinica-dental-palau\/tratamientos\/implantes-dentales\/\",\"name\":\"Implantes dentales | Dental Duarte Palau\",\"isPartOf\":{\"@id\":\"https:\/\/dentalduarte.com\/clinica-dental-palau\/#website\"},\"datePublished\":\"2021-03-04T15:49:57+00:00\",\"dateModified\":\"2021-03-04T15:49:57+00:00\",\"breadcrumb\":{\"@id\":\"https:\/\/dentalduarte.com\/clinica-dental-palau\/tratamientos\/implantes-dentales\/#breadcrumb\"},\"inLanguage\":\"es\",\"potentialAction\":[{\"@type\":\"ReadAction\",\"target\":[\"https:\/\/dentalduarte.com\/clinica-dental-palau\/tratamientos\/implantes-dentales\/\"]}]},{\"@type\":\"BreadcrumbList\",\"@id\":\"https:\/\/dentalduarte.com\/clinica-dental-palau\/tratamientos\/implantes-dentales\/#breadcrumb\",\"itemListElement\":[{\"@type\":\"ListItem\",\"position\":1,\"name\":\"Portada\",\"item\":\"https:\/\/dentalduarte.com\/clinica-dental-palau\/\"},{\"@type\":\"ListItem\",\"position\":2,\"name\":\"Tratamientos\",\"item\":\"https:\/\/dentalduarte.com\/clinica-dental-palau\/tratamientos\/\"},{\"@type\":\"ListItem\",\"position\":3,\"name\":\"Implantes dentales\"}]},{\"@type\":\"WebSite\",\"@id\":\"https:\/\/dentalduarte.com\/clinica-dental-palau\/#website\",\"url\":\"https:\/\/dentalduarte.com\/clinica-dental-palau\/\",\"name\":\"Dental Duarte\",\"description\":\"Cl\u00ednica Dental en Palau de Plegamans\",\"publisher\":{\"@id\":\"https:\/\/dentalduarte.com\/clinica-dental-palau\/#organization\"},\"potentialAction\":[{\"@type\":\"SearchAction\",\"target\":{\"@type\":\"EntryPoint\",\"urlTemplate\":\"https:\/\/dentalduarte.com\/clinica-dental-palau\/?s={search_term_string}\"},\"query-input\":\"required name=search_term_string\"}],\"inLanguage\":\"es\"},{\"@type\":\"Organization\",\"@id\":\"https:\/\/dentalduarte.com\/clinica-dental-palau\/#organization\",\"name\":\"Denta Duarte\",\"url\":\"https:\/\/dentalduarte.com\/clinica-dental-palau\/\",\"logo\":{\"@type\":\"ImageObject\",\"inLanguage\":\"es\",\"@id\":\"https:\/\/dentalduarte.com\/clinica-dental-palau\/#\/schema\/logo\/image\/\",\"url\":\"https:\/\/dentalduarte.com\/wp-content\/uploads\/2020\/09\/mogile-logo-dentalduarte.png\",\"contentUrl\":\"https:\/\/dentalduarte.com\/wp-content\/uploads\/2020\/09\/mogile-logo-dentalduarte.png\",\"width\":567,\"height\":152,\"caption\":\"Denta Duarte\"},\"image\":{\"@id\":\"https:\/\/dentalduarte.com\/clinica-dental-palau\/#\/schema\/logo\/image\/\"}}]}<\/script>\n<!-- \/ Yoast SEO plugin. -->","yoast_head_json":{"title":"Implantes dentales | Dental Duarte Palau","robots":{"index":"index","follow":"follow","max-snippet":"max-snippet:-1","max-image-preview":"max-image-preview:large","max-video-preview":"max-video-preview:-1"},"canonical":"https:\/\/dentalduarte.com\/clinica-dental-palau\/tratamientos\/implantes-dentales\/","og_locale":"es_ES","og_type":"article","og_title":"Implantes dentales | Dental Duarte Palau","og_description":"[vc_row css_animation=&#8221;&#8221; row_type=&#8221;row&#8221; use_row_as_full_screen_section=&#8221;no&#8221; type=&#8221;full_width&#8221; angled_section=&#8221;no&#8221; text_align=&#8221;left&#8221; background_image_as_pattern=&#8221;without_pattern&#8221;][vc_column][vc_column_text] Antes de un tratamiento con implantes es fundamental realizar una revisi\u00f3n general de la boca del paciente para tratar posibles infecciones, presencia inflamaci\u00f3n como gingivitis o periodontitis o caries dental. Tras el tratamiento de saneamiento necesario que...","og_url":"https:\/\/dentalduarte.com\/clinica-dental-palau\/tratamientos\/implantes-dentales\/","og_site_name":"Dental Duarte Palau","twitter_card":"summary_large_image","twitter_misc":{"Tiempo de lectura":"3 minutos"},"schema":{"@context":"https:\/\/schema.org","@graph":[{"@type":"WebPage","@id":"https:\/\/dentalduarte.com\/clinica-dental-palau\/tratamientos\/implantes-dentales\/","url":"https:\/\/dentalduarte.com\/clinica-dental-palau\/tratamientos\/implantes-dentales\/","name":"Implantes dentales | Dental Duarte Palau","isPartOf":{"@id":"https:\/\/dentalduarte.com\/clinica-dental-palau\/#website"},"datePublished":"2021-03-04T15:49:57+00:00","dateModified":"2021-03-04T15:49:57+00:00","breadcrumb":{"@id":"https:\/\/dentalduarte.com\/clinica-dental-palau\/tratamientos\/implantes-dentales\/#breadcrumb"},"inLanguage":"es","potentialAction":[{"@type":"ReadAction","target":["https:\/\/dentalduarte.com\/clinica-dental-palau\/tratamientos\/implantes-dentales\/"]}]},{"@type":"BreadcrumbList","@id":"https:\/\/dentalduarte.com\/clinica-dental-palau\/tratamientos\/implantes-dentales\/#breadcrumb","itemListElement":[{"@type":"ListItem","position":1,"name":"Portada","item":"https:\/\/dentalduarte.com\/clinica-dental-palau\/"},{"@type":"ListItem","position":2,"name":"Tratamientos","item":"https:\/\/dentalduarte.com\/clinica-dental-palau\/tratamientos\/"},{"@type":"ListItem","position":3,"name":"Implantes dentales"}]},{"@type":"WebSite","@id":"https:\/\/dentalduarte.com\/clinica-dental-palau\/#website","url":"https:\/\/dentalduarte.com\/clinica-dental-palau\/","name":"Dental Duarte","description":"Cl\u00ednica Dental en Palau de Plegamans","publisher":{"@id":"https:\/\/dentalduarte.com\/clinica-dental-palau\/#organization"},"potentialAction":[{"@type":"SearchAction","target":{"@type":"EntryPoint","urlTemplate":"https:\/\/dentalduarte.com\/clinica-dental-palau\/?s={search_term_string}"},"query-input":"required name=search_term_string"}],"inLanguage":"es"},{"@type":"Organization","@id":"https:\/\/dentalduarte.com\/clinica-dental-palau\/#organization","name":"Denta Duarte","url":"https:\/\/dentalduarte.com\/clinica-dental-palau\/","logo":{"@type":"ImageObject","inLanguage":"es","@id":"https:\/\/dentalduarte.com\/clinica-dental-palau\/#\/schema\/logo\/image\/","url":"https:\/\/dentalduarte.com\/wp-content\/uploads\/2020\/09\/mogile-logo-dentalduarte.png","contentUrl":"https:\/\/dentalduarte.com\/wp-content\/uploads\/2020\/09\/mogile-logo-dentalduarte.png","width":567,"height":152,"caption":"Denta Duarte"},"image":{"@id":"https:\/\/dentalduarte.com\/clinica-dental-palau\/#\/schema\/logo\/image\/"}}]}},"_links":{"self":[{"href":"https:\/\/dentalduarte.com\/clinica-dental-palau\/wp-json\/wp\/v2\/pages\/518"}],"collection":[{"href":"https:\/\/dentalduarte.com\/clinica-dental-palau\/wp-json\/wp\/v2\/pages"}],"about":[{"href":"https:\/\/dentalduarte.com\/clinica-dental-palau\/wp-json\/wp\/v2\/types\/page"}],"author":[{"embeddable":true,"href":"https:\/\/dentalduarte.com\/clinica-dental-palau\/wp-json\/wp\/v2\/users\/1"}],"replies":[{"embeddable":true,"href":"https:\/\/dentalduarte.com\/clinica-dental-palau\/wp-json\/wp\/v2\/comments?post=518"}],"version-history":[{"count":1,"href":"https:\/\/dentalduarte.com\/clinica-dental-palau\/wp-json\/wp\/v2\/pages\/518\/revisions"}],"predecessor-version":[{"id":519,"href":"https:\/\/dentalduarte.com\/clinica-dental-palau\/wp-json\/wp\/v2\/pages\/518\/revisions\/519"}],"up":[{"embeddable":true,"href":"https:\/\/dentalduarte.com\/clinica-dental-palau\/wp-json\/wp\/v2\/pages\/150"}],"wp:attachment":[{"href":"https:\/\/dentalduarte.com\/clinica-dental-palau\/wp-json\/wp\/v2\/media?parent=518"}],"curies":[{"name":"wp","href":"https:\/\/api.w.org\/{rel}","templated":true}]}}