{"id":150,"date":"2021-02-01T12:27:12","date_gmt":"2021-02-01T12:27:12","guid":{"rendered":"http:\/\/bridge86.qodeinteractive.com\/?page_id=150"},"modified":"2022-06-29T10:15:14","modified_gmt":"2022-06-29T09:15:14","slug":"tratamientos","status":"publish","type":"page","link":"https:\/\/dentalduarte.com\/clinica-dental-palau\/tratamientos\/","title":{"rendered":"Tratamientos"},"content":{"rendered":"<div class=\"wpb-content-wrapper\"><p>[vc_row css_animation=&#8221;&#8221; row_type=&#8221;row&#8221; use_row_as_full_screen_section=&#8221;no&#8221; type=&#8221;grid&#8221; angled_section=&#8221;no&#8221; text_align=&#8221;left&#8221; background_image_as_pattern=&#8221;without_pattern&#8221; css=&#8221;.vc_custom_1604775153734{padding-top: 67px !important;padding-bottom: 35px !important;background-color: #caf0f8 !important;}&#8221; z_index=&#8221;&#8221;][vc_column][vc_column_text]<\/p>\n<div class=\"subtitulo-center\">Dentistas especialistas<\/div>\n<p>[\/vc_column_text][vc_column_text]<\/p>\n<h1 class=\"titulo-h1-center\">Tratamientos Dental Duarte Palau<\/h1>\n<p>[\/vc_column_text][vc_column_text]<\/p>\n<div style=\"text-align: center;\">En odontolog\u00eda,\u00a0<strong>un tratamiento dental realizado por un especialista, tiene m\u00e1s garant\u00eda de \u00e9xito a largo plazo.\u00a0<\/strong><\/div>\n<div style=\"text-align: center;\">Por este motivo, en Dental Duarte \u00fanicamente trabajamos con <strong>dentistas profesionales especialistas en cada disciplina,<\/strong><\/div>\n<div style=\"text-align: center;\">que cuentan con un amplio grado de conocimiento de su \u00e1rea, tanto a nivel formativo como de experiencia laboral.<\/div>\n<p>[\/vc_column_text][vc_empty_space height=&#8221;60px&#8221;][\/vc_column][vc_column offset=&#8221;vc_col-lg-4 vc_col-md-4&#8243;]<div class='q_icon_with_title tiny custom_icon_image '><div class=\"icon_holder \" style=\" \"><img decoding=\"async\" itemprop=\"image\" style=\"\" src=\"https:\/\/dentalduarte.com\/wp-content\/uploads\/2020\/10\/cuidado-dental-1.png\" alt=\"\"><\/div><div class=\"icon_text_holder\" style=\"padding-left:98px;\"><div class=\"icon_text_inner\" style=\"\"><h2 class=\"icon_title\" style=\"\">Revisiones dentales<\/h2><p style=''>Recomendable entre 1 y 2 veces al a\u00f1o. Examinamos tus dientes, tus enc\u00edas y el conjunto de tu cavidad oral.<\/p><a itemprop='url' class='icon_with_title_link' href='https:\/\/dentalduarte.com\/clinica-dental-palau\/tratamientos\/revisiones-empastes\/' target='_self' style=''>M\u00e1s informaci\u00f3n sobre caries<\/a><\/div><\/div><\/div>[vc_empty_space height=&#8221;20px&#8221;][\/vc_column][vc_column offset=&#8221;vc_col-lg-4 vc_col-md-4&#8243;]<div class='q_icon_with_title tiny custom_icon_image '><div class=\"icon_holder \" style=\" \"><img decoding=\"async\" itemprop=\"image\" style=\"\" src=\"https:\/\/dentalduarte.com\/wp-content\/uploads\/2020\/10\/dental-implant.png\" alt=\"\"><\/div><div class=\"icon_text_holder\" style=\"padding-left:98px;\"><div class=\"icon_text_inner\" style=\"\"><h2 class=\"icon_title\" style=\"\">Implantes dentales<\/h2><p style=''>Nuestro dentista especialista en implantes dentales har\u00e1 que recuperes el placer de comer y sonre\u00edr.<\/p><a itemprop='url' class='icon_with_title_link' href='https:\/\/dentalduarte.com\/clinica-dental-palau\/tratamientos\/implantes-dentales\/' target='_self' style=''>M\u00e1s informaci\u00f3n sobre implantes<\/a><\/div><\/div><\/div>[vc_empty_space height=&#8221;20px&#8221;][\/vc_column][vc_column offset=&#8221;vc_col-lg-4 vc_col-md-4&#8243;]<div class='q_icon_with_title tiny custom_icon_image '><div class=\"icon_holder \" style=\" \"><img decoding=\"async\" itemprop=\"image\" style=\"\" src=\"https:\/\/dentalduarte.com\/wp-content\/uploads\/2020\/10\/periodoncia.png\" alt=\"\"><\/div><div class=\"icon_text_holder\" style=\"padding-left:98px;\"><div class=\"icon_text_inner\" style=\"\"><h2 class=\"icon_title\" style=\"\">Periodoncia<\/h2><p style=''>Nuestros dentistas especialistas en enc\u00edas cuidan de las enc\u00edas para prevenir da\u00f1os en el hueso que las rodea.<\/p><a itemprop='url' class='icon_with_title_link' href='https:\/\/dentalduarte.com\/clinica-dental-palau\/tratamientos\/periodoncia\/' target='_self' style=''>M\u00e1s informaci\u00f3n sobre periodoncia<\/a><\/div><\/div><\/div>[vc_empty_space height=&#8221;20px&#8221;][\/vc_column][\/vc_row][vc_row css_animation=&#8221;&#8221; row_type=&#8221;row&#8221; use_row_as_full_screen_section=&#8221;no&#8221; type=&#8221;grid&#8221; angled_section=&#8221;no&#8221; text_align=&#8221;left&#8221; background_image_as_pattern=&#8221;without_pattern&#8221; css=&#8221;.vc_custom_1602861994911{padding-bottom: 35px !important;background-color: #caf0f8 !important;}&#8221; z_index=&#8221;&#8221;][vc_column offset=&#8221;vc_col-lg-4 vc_col-md-4&#8243;]<div class='q_icon_with_title tiny custom_icon_image '><div class=\"icon_holder \" style=\" \"><img decoding=\"async\" itemprop=\"image\" style=\"\" src=\"https:\/\/dentalduarte.com\/wp-content\/uploads\/2020\/10\/dental.png\" alt=\"\"><\/div><div class=\"icon_text_holder\" style=\"padding-left:98px;\"><div class=\"icon_text_inner\" style=\"\"><h2 class=\"icon_title\" style=\"\">Ortodoncia adultos y ni\u00f1os<\/h2><p style=''>Corrige la posici\u00f3n de los dientes ya sea para solucionar problemas funcionales o est\u00e9ticos. Brackets met\u00e1licos y est\u00e9ticos.<\/p><\/div><\/div><\/div>[vc_empty_space height=&#8221;20px&#8221;][\/vc_column][vc_column offset=&#8221;vc_col-lg-4 vc_col-md-4&#8243;]<div class='q_icon_with_title tiny custom_icon_image '><div class=\"icon_holder \" style=\" \"><img decoding=\"async\" itemprop=\"image\" style=\"\" src=\"https:\/\/dentalduarte.com\/wp-content\/uploads\/2020\/10\/ortodoncia.png\" alt=\"\"><\/div><div class=\"icon_text_holder\" style=\"padding-left:98px;\"><div class=\"icon_text_inner\" style=\"\"><h2 class=\"icon_title\" style=\"\">Ortodoncia invisible<\/h2><p style=''>Los alineadores transparentes Invisalign\u00ae son una f\u00e9rulas invisibles hechas a medida que corrigen la posici\u00f3n de tus dientes.<\/p><\/div><\/div><\/div>[vc_empty_space height=&#8221;20px&#8221;][\/vc_column][vc_column offset=&#8221;vc_col-lg-4 vc_col-md-4&#8243;]<div class='q_icon_with_title tiny custom_icon_image '><div class=\"icon_holder \" style=\" \"><img decoding=\"async\" itemprop=\"image\" style=\"\" src=\"https:\/\/dentalduarte.com\/wp-content\/uploads\/2020\/10\/dientes-blancos.png\" alt=\"\"><\/div><div class=\"icon_text_holder\" style=\"padding-left:98px;\"><div class=\"icon_text_inner\" style=\"\"><h2 class=\"icon_title\" style=\"\">Blanqueamientos dentales<\/h2><p style=''>Tratamiento dental para eliminar manchas. Tratamiento con el que conseguir\u00e1s una tonalidad m\u00e1s blanca y brillante.<\/p><\/div><\/div><\/div>[vc_empty_space height=&#8221;20px&#8221;][\/vc_column][\/vc_row][vc_row css_animation=&#8221;&#8221; row_type=&#8221;row&#8221; use_row_as_full_screen_section=&#8221;no&#8221; type=&#8221;grid&#8221; angled_section=&#8221;no&#8221; text_align=&#8221;left&#8221; background_image_as_pattern=&#8221;without_pattern&#8221; css=&#8221;.vc_custom_1612266524614{padding-bottom: 35px !important;background-color: #caf0f8 !important;}&#8221; z_index=&#8221;&#8221;][vc_column offset=&#8221;vc_col-lg-4 vc_col-md-4&#8243;]<div class='q_icon_with_title tiny custom_icon_image '><div class=\"icon_holder \" style=\" \"><img decoding=\"async\" itemprop=\"image\" style=\"\" src=\"https:\/\/dentalduarte.com\/wp-content\/uploads\/2020\/10\/limpieza-especial.png\" alt=\"\"><\/div><div class=\"icon_text_holder\" style=\"padding-left:98px;\"><div class=\"icon_text_inner\" style=\"\"><h2 class=\"icon_title\" style=\"\">Mantenimientos y limpiezas avanzadas<\/h2><p style=''>Limpieza profunda de dientes y enc\u00edas para reducir el riesgo de patolog\u00edas como la gingivitis y disminuir manchas.<\/p><\/div><\/div><\/div>[vc_empty_space height=&#8221;20px&#8221;][\/vc_column][vc_column offset=&#8221;vc_col-lg-4 vc_col-md-4&#8243;]<div class='q_icon_with_title tiny custom_icon_image '><div class=\"icon_holder \" style=\" \"><img decoding=\"async\" itemprop=\"image\" style=\"\" src=\"https:\/\/dentalduarte.com\/wp-content\/uploads\/2020\/10\/sonrisa-1-1.png\" alt=\"\"><\/div><div class=\"icon_text_holder\" style=\"padding-left:98px;\"><div class=\"icon_text_inner\" style=\"\"><h2 class=\"icon_title\" style=\"\">Est\u00e9tica dental<\/h2><p style=''>Dise\u00f1amos tu sonrisa estudiando tus facciones, medidas y proporciones para dise\u00f1ar tu mejor sonrisa.<\/p><\/div><\/div><\/div>[vc_empty_space height=&#8221;20px&#8221;][\/vc_column][vc_column offset=&#8221;vc_col-lg-4 vc_col-md-4&#8243;]<div class='q_icon_with_title tiny custom_icon_image '><div class=\"icon_holder \" style=\" \"><img decoding=\"async\" itemprop=\"image\" style=\"\" src=\"https:\/\/dentalduarte.com\/wp-content\/uploads\/2020\/10\/protesis-fija.png\" alt=\"\"><\/div><div class=\"icon_text_holder\" style=\"padding-left:98px;\"><div class=\"icon_text_inner\" style=\"\"><h2 class=\"icon_title\" style=\"\">Pr\u00f3tesis fija<\/h2><p style=''>Contamos con un dentista especialista en pr\u00f3tesis encargado de restaurar la est\u00e9tica y funciones de tus dientes.<\/p><\/div><\/div><\/div>[vc_empty_space height=&#8221;20px&#8221;][\/vc_column][\/vc_row][vc_row css_animation=&#8221;&#8221; row_type=&#8221;row&#8221; use_row_as_full_screen_section=&#8221;no&#8221; type=&#8221;grid&#8221; angled_section=&#8221;no&#8221; text_align=&#8221;left&#8221; background_image_as_pattern=&#8221;without_pattern&#8221; css=&#8221;.vc_custom_1602861994911{padding-bottom: 35px !important;background-color: #caf0f8 !important;}&#8221; z_index=&#8221;&#8221;][vc_column offset=&#8221;vc_col-lg-4 vc_col-md-4&#8243;]<div class='q_icon_with_title tiny custom_icon_image '><div class=\"icon_holder \" style=\" \"><img decoding=\"async\" itemprop=\"image\" style=\"\" src=\"https:\/\/dentalduarte.com\/wp-content\/uploads\/2020\/10\/protesis-removible.png\" alt=\"\"><\/div><div class=\"icon_text_holder\" style=\"padding-left:98px;\"><div class=\"icon_text_inner\" style=\"\"><h2 class=\"icon_title\" style=\"\">Pr\u00f3tesis removible<\/h2><p style=''>Se trata de un aparato bucal que sustituye la falta de piezas dentales y estructuras \u00f3seas atrofiadas.<\/p><\/div><\/div><\/div>[vc_empty_space height=&#8221;20px&#8221;][\/vc_column][vc_column offset=&#8221;vc_col-lg-4 vc_col-md-4&#8243;]<div class='q_icon_with_title tiny custom_icon_image '><div class=\"icon_holder \" style=\" \"><img decoding=\"async\" itemprop=\"image\" style=\"\" src=\"https:\/\/dentalduarte.com\/wp-content\/uploads\/2020\/10\/endodoncia.png\" alt=\"\"><\/div><div class=\"icon_text_holder\" style=\"padding-left:98px;\"><div class=\"icon_text_inner\" style=\"\"><h2 class=\"icon_title\" style=\"\">Endodoncia<\/h2><p style=''>Nuestro dentista especialista en endodoncia tiene como objetivo devolverle la vida a tu diente natural.<\/p><\/div><\/div><\/div>[vc_empty_space height=&#8221;20px&#8221;][\/vc_column][vc_column offset=&#8221;vc_col-lg-4 vc_col-md-4&#8243;]<div class='q_icon_with_title tiny custom_icon_image '><div class=\"icon_holder \" style=\" \"><img decoding=\"async\" itemprop=\"image\" style=\"\" src=\"https:\/\/dentalduarte.com\/wp-content\/uploads\/2020\/10\/odontopediatria.png\" alt=\"\"><\/div><div class=\"icon_text_holder\" style=\"padding-left:98px;\"><div class=\"icon_text_inner\" style=\"\"><h2 class=\"icon_title\" style=\"\">Odontopediatr\u00eda<\/h2><p style=''>Contamos con dentistas especialistas en ni\u00f1os para cuidar y proteger la salud bucodental de los m\u00e1s peque\u00f1os.<\/p><\/div><\/div><\/div>[vc_empty_space height=&#8221;20px&#8221;][\/vc_column][\/vc_row][vc_row css_animation=&#8221;&#8221; row_type=&#8221;row&#8221; use_row_as_full_screen_section=&#8221;no&#8221; type=&#8221;grid&#8221; angled_section=&#8221;no&#8221; text_align=&#8221;left&#8221; background_image_as_pattern=&#8221;without_pattern&#8221; css=&#8221;.vc_custom_1602867669113{padding-top: 44px !important;padding-bottom: 44px !important;background-image: url(http:\/\/dentalduarte.com\/wp-content\/uploads\/2020\/10\/call-to-action.jpg?id=316) !important;background-position: center !important;background-repeat: no-repeat !important;background-size: cover !important;}&#8221; z_index=&#8221;&#8221;][vc_column][qode_elements_holder number_of_columns=&#8221;two_columns&#8221; columns_proportion=&#8221;66_33&#8243; alignment_one_column=&#8221;center&#8221;][qode_elements_holder_item vertical_alignment=&#8221;middle&#8221; advanced_animations=&#8221;no&#8221; item_padding=&#8221;0 35px 0 0&#8243; item_padding_600_768=&#8221;0 0 22px 0&#8243; item_padding_480_600=&#8221;0 0 22px 0&#8243; item_padding_480=&#8221;0 0 22px 0&#8243;][vc_column_text el_class=&#8221;call-to-action&#8221;]<\/p>\n<div class=\"under-banner\">Cuidamos de lo m\u00e1s importante, tu sonrisa<\/div>\n<p>[\/vc_column_text][\/qode_elements_holder_item][qode_elements_holder_item vertical_alignment=&#8221;middle&#8221; advanced_animations=&#8221;no&#8221;]<a  itemprop=\"url\" href=\"tel:\/\/938644834\" target=\"_self\" data-hover-background-color='rgba(255,255,255,0.4)' data-hover-color='#ffffff' class=\"qbutton  default\" style=\"color: #ffffff; background-color: rgba(255,255,255,0.2);\">\u00a1Pide cita!<\/a>[\/qode_elements_holder_item][\/qode_elements_holder][\/vc_column][\/vc_row]<\/p>\n<\/div>","protected":false},"excerpt":{"rendered":"<p>[vc_row css_animation=&#8221;&#8221; row_type=&#8221;row&#8221; use_row_as_full_screen_section=&#8221;no&#8221; type=&#8221;grid&#8221; angled_section=&#8221;no&#8221; text_align=&#8221;left&#8221; background_image_as_pattern=&#8221;without_pattern&#8221; css=&#8221;.vc_custom_1604775153734{padding-top: 67px !important;padding-bottom: 35px !important;background-color: #caf0f8 !important;}&#8221; z_index=&#8221;&#8221;][vc_column][vc_column_text] Dentistas especialistas [\/vc_column_text][vc_column_text] Tratamientos Dental Duarte Palau [\/vc_column_text][vc_column_text] En odontolog\u00eda,\u00a0un tratamiento dental realizado por un especialista, tiene m\u00e1s garant\u00eda de \u00e9xito a largo plazo.\u00a0 Por este motivo, en Dental&#8230;<\/p>\n","protected":false},"author":1,"featured_media":0,"parent":0,"menu_order":0,"comment_status":"closed","ping_status":"closed","template":"full_width.php","meta":{"footnotes":""},"yoast_head":"<!-- This site is optimized with the Yoast SEO plugin v22.8 - https:\/\/yoast.com\/wordpress\/plugins\/seo\/ -->\n<title>Tratamientos dentales Palau de Plegamans | Dental Duarte<\/title>\n<meta name=\"description\" content=\"Ofrecemos un completo abanico de servicios odontol\u00f3gicos avalados por la profesionalidad de nuestro equipo y los materiales m\u00e1s avanzados.\" \/>\n<meta name=\"robots\" content=\"index, follow, max-snippet:-1, max-image-preview:large, max-video-preview:-1\" \/>\n<link rel=\"canonical\" href=\"https:\/\/dentalduarte.com\/clinica-dental-palau\/tratamientos\/\" \/>\n<meta property=\"og:locale\" content=\"es_ES\" \/>\n<meta property=\"og:type\" content=\"article\" \/>\n<meta property=\"og:title\" content=\"Tratamientos dentales Palau de Plegamans | Dental Duarte\" \/>\n<meta property=\"og:description\" content=\"Ofrecemos un completo abanico de servicios odontol\u00f3gicos avalados por la profesionalidad de nuestro equipo y los materiales m\u00e1s avanzados.\" \/>\n<meta property=\"og:url\" content=\"https:\/\/dentalduarte.com\/clinica-dental-palau\/tratamientos\/\" \/>\n<meta property=\"og:site_name\" content=\"Dental Duarte Palau\" \/>\n<meta property=\"article:modified_time\" content=\"2022-06-29T09:15:14+00:00\" \/>\n<meta name=\"twitter:card\" content=\"summary_large_image\" \/>\n<meta name=\"twitter:label1\" content=\"Tiempo de lectura\" \/>\n\t<meta name=\"twitter:data1\" content=\"3 minutos\" \/>\n<script type=\"application\/ld+json\" class=\"yoast-schema-graph\">{\"@context\":\"https:\/\/schema.org\",\"@graph\":[{\"@type\":\"WebPage\",\"@id\":\"https:\/\/dentalduarte.com\/clinica-dental-palau\/tratamientos\/\",\"url\":\"https:\/\/dentalduarte.com\/clinica-dental-palau\/tratamientos\/\",\"name\":\"Tratamientos dentales Palau de Plegamans | Dental Duarte\",\"isPartOf\":{\"@id\":\"https:\/\/dentalduarte.com\/clinica-dental-palau\/#website\"},\"datePublished\":\"2021-02-01T12:27:12+00:00\",\"dateModified\":\"2022-06-29T09:15:14+00:00\",\"description\":\"Ofrecemos un completo abanico de servicios odontol\u00f3gicos avalados por la profesionalidad de nuestro equipo y los materiales m\u00e1s avanzados.\",\"breadcrumb\":{\"@id\":\"https:\/\/dentalduarte.com\/clinica-dental-palau\/tratamientos\/#breadcrumb\"},\"inLanguage\":\"es\",\"potentialAction\":[{\"@type\":\"ReadAction\",\"target\":[\"https:\/\/dentalduarte.com\/clinica-dental-palau\/tratamientos\/\"]}]},{\"@type\":\"BreadcrumbList\",\"@id\":\"https:\/\/dentalduarte.com\/clinica-dental-palau\/tratamientos\/#breadcrumb\",\"itemListElement\":[{\"@type\":\"ListItem\",\"position\":1,\"name\":\"Portada\",\"item\":\"https:\/\/dentalduarte.com\/clinica-dental-palau\/\"},{\"@type\":\"ListItem\",\"position\":2,\"name\":\"Tratamientos\"}]},{\"@type\":\"WebSite\",\"@id\":\"https:\/\/dentalduarte.com\/clinica-dental-palau\/#website\",\"url\":\"https:\/\/dentalduarte.com\/clinica-dental-palau\/\",\"name\":\"Dental Duarte\",\"description\":\"Cl\u00ednica Dental en Palau de Plegamans\",\"publisher\":{\"@id\":\"https:\/\/dentalduarte.com\/clinica-dental-palau\/#organization\"},\"potentialAction\":[{\"@type\":\"SearchAction\",\"target\":{\"@type\":\"EntryPoint\",\"urlTemplate\":\"https:\/\/dentalduarte.com\/clinica-dental-palau\/?s={search_term_string}\"},\"query-input\":\"required name=search_term_string\"}],\"inLanguage\":\"es\"},{\"@type\":\"Organization\",\"@id\":\"https:\/\/dentalduarte.com\/clinica-dental-palau\/#organization\",\"name\":\"Denta Duarte\",\"url\":\"https:\/\/dentalduarte.com\/clinica-dental-palau\/\",\"logo\":{\"@type\":\"ImageObject\",\"inLanguage\":\"es\",\"@id\":\"https:\/\/dentalduarte.com\/clinica-dental-palau\/#\/schema\/logo\/image\/\",\"url\":\"https:\/\/dentalduarte.com\/wp-content\/uploads\/2020\/09\/mogile-logo-dentalduarte.png\",\"contentUrl\":\"https:\/\/dentalduarte.com\/wp-content\/uploads\/2020\/09\/mogile-logo-dentalduarte.png\",\"width\":567,\"height\":152,\"caption\":\"Denta Duarte\"},\"image\":{\"@id\":\"https:\/\/dentalduarte.com\/clinica-dental-palau\/#\/schema\/logo\/image\/\"}}]}<\/script>\n<!-- \/ Yoast SEO plugin. -->","yoast_head_json":{"title":"Tratamientos dentales Palau de Plegamans | Dental Duarte","description":"Ofrecemos un completo abanico de servicios odontol\u00f3gicos avalados por la profesionalidad de nuestro equipo y los materiales m\u00e1s avanzados.","robots":{"index":"index","follow":"follow","max-snippet":"max-snippet:-1","max-image-preview":"max-image-preview:large","max-video-preview":"max-video-preview:-1"},"canonical":"https:\/\/dentalduarte.com\/clinica-dental-palau\/tratamientos\/","og_locale":"es_ES","og_type":"article","og_title":"Tratamientos dentales Palau de Plegamans | Dental Duarte","og_description":"Ofrecemos un completo abanico de servicios odontol\u00f3gicos avalados por la profesionalidad de nuestro equipo y los materiales m\u00e1s avanzados.","og_url":"https:\/\/dentalduarte.com\/clinica-dental-palau\/tratamientos\/","og_site_name":"Dental Duarte Palau","article_modified_time":"2022-06-29T09:15:14+00:00","twitter_card":"summary_large_image","twitter_misc":{"Tiempo de lectura":"3 minutos"},"schema":{"@context":"https:\/\/schema.org","@graph":[{"@type":"WebPage","@id":"https:\/\/dentalduarte.com\/clinica-dental-palau\/tratamientos\/","url":"https:\/\/dentalduarte.com\/clinica-dental-palau\/tratamientos\/","name":"Tratamientos dentales Palau de Plegamans | Dental Duarte","isPartOf":{"@id":"https:\/\/dentalduarte.com\/clinica-dental-palau\/#website"},"datePublished":"2021-02-01T12:27:12+00:00","dateModified":"2022-06-29T09:15:14+00:00","description":"Ofrecemos un completo abanico de servicios odontol\u00f3gicos avalados por la profesionalidad de nuestro equipo y los materiales m\u00e1s avanzados.","breadcrumb":{"@id":"https:\/\/dentalduarte.com\/clinica-dental-palau\/tratamientos\/#breadcrumb"},"inLanguage":"es","potentialAction":[{"@type":"ReadAction","target":["https:\/\/dentalduarte.com\/clinica-dental-palau\/tratamientos\/"]}]},{"@type":"BreadcrumbList","@id":"https:\/\/dentalduarte.com\/clinica-dental-palau\/tratamientos\/#breadcrumb","itemListElement":[{"@type":"ListItem","position":1,"name":"Portada","item":"https:\/\/dentalduarte.com\/clinica-dental-palau\/"},{"@type":"ListItem","position":2,"name":"Tratamientos"}]},{"@type":"WebSite","@id":"https:\/\/dentalduarte.com\/clinica-dental-palau\/#website","url":"https:\/\/dentalduarte.com\/clinica-dental-palau\/","name":"Dental Duarte","description":"Cl\u00ednica Dental en Palau de Plegamans","publisher":{"@id":"https:\/\/dentalduarte.com\/clinica-dental-palau\/#organization"},"potentialAction":[{"@type":"SearchAction","target":{"@type":"EntryPoint","urlTemplate":"https:\/\/dentalduarte.com\/clinica-dental-palau\/?s={search_term_string}"},"query-input":"required name=search_term_string"}],"inLanguage":"es"},{"@type":"Organization","@id":"https:\/\/dentalduarte.com\/clinica-dental-palau\/#organization","name":"Denta Duarte","url":"https:\/\/dentalduarte.com\/clinica-dental-palau\/","logo":{"@type":"ImageObject","inLanguage":"es","@id":"https:\/\/dentalduarte.com\/clinica-dental-palau\/#\/schema\/logo\/image\/","url":"https:\/\/dentalduarte.com\/wp-content\/uploads\/2020\/09\/mogile-logo-dentalduarte.png","contentUrl":"https:\/\/dentalduarte.com\/wp-content\/uploads\/2020\/09\/mogile-logo-dentalduarte.png","width":567,"height":152,"caption":"Denta Duarte"},"image":{"@id":"https:\/\/dentalduarte.com\/clinica-dental-palau\/#\/schema\/logo\/image\/"}}]}},"_links":{"self":[{"href":"https:\/\/dentalduarte.com\/clinica-dental-palau\/wp-json\/wp\/v2\/pages\/150"}],"collection":[{"href":"https:\/\/dentalduarte.com\/clinica-dental-palau\/wp-json\/wp\/v2\/pages"}],"about":[{"href":"https:\/\/dentalduarte.com\/clinica-dental-palau\/wp-json\/wp\/v2\/types\/page"}],"author":[{"embeddable":true,"href":"https:\/\/dentalduarte.com\/clinica-dental-palau\/wp-json\/wp\/v2\/users\/1"}],"replies":[{"embeddable":true,"href":"https:\/\/dentalduarte.com\/clinica-dental-palau\/wp-json\/wp\/v2\/comments?post=150"}],"version-history":[{"count":17,"href":"https:\/\/dentalduarte.com\/clinica-dental-palau\/wp-json\/wp\/v2\/pages\/150\/revisions"}],"predecessor-version":[{"id":610,"href":"https:\/\/dentalduarte.com\/clinica-dental-palau\/wp-json\/wp\/v2\/pages\/150\/revisions\/610"}],"wp:attachment":[{"href":"https:\/\/dentalduarte.com\/clinica-dental-palau\/wp-json\/wp\/v2\/media?parent=150"}],"curies":[{"name":"wp","href":"https:\/\/api.w.org\/{rel}","templated":true}]}}