{"id":138,"date":"2021-02-05T12:06:47","date_gmt":"2021-02-05T12:06:47","guid":{"rendered":"http:\/\/bridge86.qodeinteractive.com\/?page_id=138"},"modified":"2022-06-17T11:47:28","modified_gmt":"2022-06-17T10:47:28","slug":"equipo","status":"publish","type":"page","link":"https:\/\/dentalduarte.com\/clinica-dental-palau\/equipo\/","title":{"rendered":"Equipo"},"content":{"rendered":"<div class=\"wpb-content-wrapper\"><p>[vc_row css_animation=&#8221;&#8221; row_type=&#8221;row&#8221; use_row_as_full_screen_section=&#8221;no&#8221; type=&#8221;full_width&#8221; angled_section=&#8221;no&#8221; text_align=&#8221;left&#8221; background_image_as_pattern=&#8221;without_pattern&#8221; css=&#8221;.vc_custom_1608305929126{background-color: #fafafb !important;}&#8221; z_index=&#8221;&#8221;][vc_column][vc_empty_space height=&#8221;64px&#8221;][vc_column_text]<\/p>\n<h1 class=\"titulo-h1-center\">Equipo de Dentistas Especializados en Palau solit\u00e0 i Plegamans<\/h1>\n<p>[\/vc_column_text][vc_column_text]<\/p>\n<div style=\"text-align: center;\">En Cl\u00ednica Dental Duarte ofrecemos un doctor especializado en cada disciplina.<\/div>\n<div style=\"text-align: center;\">Nuestra Cl\u00ednica Dental est\u00e1 formada por un equipo de profesionales especializados en<\/div>\n<div style=\"text-align: center;\">detecci\u00f3n de caries, implantolog\u00eda, ortodoncia, periodoncia.<\/div>\n<div style=\"text-align: center;\">Adem\u00e1s, contamos con un equipo de auxiliares preparado y con experiencia en el sector.<br \/>\nTe ofrecemos un servicio bucodental de m\u00e1xima calidad. \u00a1Ven a conocernos!<\/div>\n<p>[\/vc_column_text][vc_empty_space height=&#8221;64px&#8221;][vc_column_text]<\/p>\n<div class=\"subtitulo-center\">Equipo Duarte<\/div>\n<p>[\/vc_column_text][vc_empty_space height=&#8221;18px&#8221;][vc_column_text]<\/p>\n<div class=\"titulo-h1-center\">Auxiliar \/ Administraci\u00f3n<\/div>\n<p>[\/vc_column_text][vc_empty_space height=&#8221;18px&#8221;][vc_row_inner row_type=&#8221;row&#8221; type=&#8221;full_width&#8221; text_align=&#8221;left&#8221; css_animation=&#8221;&#8221;][vc_column_inner width=&#8221;1\/4&#8243;][\/vc_column_inner][vc_column_inner width=&#8221;1\/4&#8243;]<div class=\"image_with_text\"><img decoding=\"async\" itemprop=\"image\" src=\"https:\/\/dentalduarte.com\/wp-content\/uploads\/2020\/12\/Ana-1.jpg\" alt=\"Rosana\" \/><h3  class=\"image_with_text_title\">Rosana<\/h3><span style=\"margin: 6px 0px;\" class=\"separator transparent\"><\/span><\/div>[\/vc_column_inner][vc_column_inner width=&#8221;1\/4&#8243;]<div class=\"image_with_text\"><img decoding=\"async\" itemprop=\"image\" src=\"https:\/\/dentalduarte.com\/wp-content\/uploads\/2020\/12\/Ana.jpg\" alt=\"Ana\" \/><h3  class=\"image_with_text_title\">Ana<\/h3><span style=\"margin: 6px 0px;\" class=\"separator transparent\"><\/span><\/div>[\/vc_column_inner][vc_column_inner width=&#8221;1\/4&#8243;][\/vc_column_inner][\/vc_row_inner][vc_empty_space height=&#8221;64px&#8221;][vc_column_text]<\/p>\n<div class=\"titulo-h1-center\">Direcci\u00f3n<\/div>\n<p>[\/vc_column_text][vc_empty_space height=&#8221;18px&#8221;][vc_row_inner row_type=&#8221;row&#8221; type=&#8221;full_width&#8221; text_align=&#8221;left&#8221; css_animation=&#8221;&#8221;][vc_column_inner width=&#8221;1\/4&#8243;][\/vc_column_inner][vc_column_inner width=&#8221;1\/4&#8243;]<div class=\"image_with_text\"><img decoding=\"async\" itemprop=\"image\" src=\"https:\/\/dentalduarte.com\/wp-content\/uploads\/2020\/12\/Nelly.jpg\" alt=\"N\u00e9lida\" \/><h3  class=\"image_with_text_title\">N\u00e9lida<\/h3><span style=\"margin: 6px 0px;\" class=\"separator transparent\"><\/span><\/div>[\/vc_column_inner][vc_column_inner width=&#8221;1\/4&#8243;]<div class=\"image_with_text\"><img decoding=\"async\" itemprop=\"image\" src=\"https:\/\/dentalduarte.com\/wp-content\/uploads\/2020\/12\/mariana.jpg\" alt=\"Mariana\" \/><h3  class=\"image_with_text_title\">Mariana<\/h3><span style=\"margin: 6px 0px;\" class=\"separator transparent\"><\/span><\/div>[\/vc_column_inner][vc_column_inner width=&#8221;1\/4&#8243;][\/vc_column_inner][\/vc_row_inner][vc_empty_space height=&#8221;64px&#8221;][vc_column_text]<\/p>\n<div class=\"titulo-h1-center\">Doctores<\/div>\n<p>[\/vc_column_text][vc_empty_space height=&#8221;18px&#8221;][vc_row_inner row_type=&#8221;row&#8221; type=&#8221;full_width&#8221; text_align=&#8221;left&#8221; css_animation=&#8221;&#8221;][vc_column_inner width=&#8221;1\/5&#8243;][\/vc_column_inner][vc_column_inner width=&#8221;1\/5&#8243;]<div class=\"image_with_text\"><img decoding=\"async\" itemprop=\"image\" src=\"https:\/\/dentalduarte.com\/wp-content\/uploads\/2020\/12\/Camila.jpg\" alt=\"Camila\" \/><h3  class=\"image_with_text_title\">Camila<\/h3><span style=\"margin: 6px 0px;\" class=\"separator transparent\"><\/span><\/div>[\/vc_column_inner][vc_column_inner width=&#8221;1\/5&#8243;]<div class=\"image_with_text\"><img decoding=\"async\" itemprop=\"image\" src=\"https:\/\/dentalduarte.com\/wp-content\/uploads\/2020\/12\/Carlota.jpg\" alt=\"Carlota\" \/><h3  class=\"image_with_text_title\">Carlota<\/h3><span style=\"margin: 6px 0px;\" class=\"separator transparent\"><\/span><\/div>[\/vc_column_inner][vc_column_inner width=&#8221;1\/5&#8243;]<div class=\"image_with_text\"><img decoding=\"async\" itemprop=\"image\" src=\"https:\/\/dentalduarte.com\/wp-content\/uploads\/2020\/12\/Jose.jpg\" alt=\"Pedro\" \/><h3  class=\"image_with_text_title\">Pedro<\/h3><span style=\"margin: 6px 0px;\" class=\"separator transparent\"><\/span><\/div>[\/vc_column_inner][vc_column_inner width=&#8221;1\/5&#8243;][\/vc_column_inner][\/vc_row_inner][vc_empty_space height=&#8221;64px&#8221;][vc_row_inner row_type=&#8221;row&#8221; type=&#8221;full_width&#8221; text_align=&#8221;center&#8221; css_animation=&#8221;&#8221;][vc_column_inner][\/vc_column_inner][\/vc_row_inner][\/vc_column][\/vc_row]<\/p>\n<\/div>","protected":false},"excerpt":{"rendered":"<p>[vc_row css_animation=&#8221;&#8221; row_type=&#8221;row&#8221; use_row_as_full_screen_section=&#8221;no&#8221; type=&#8221;full_width&#8221; angled_section=&#8221;no&#8221; text_align=&#8221;left&#8221; background_image_as_pattern=&#8221;without_pattern&#8221; css=&#8221;.vc_custom_1608305929126{background-color: #fafafb !important;}&#8221; z_index=&#8221;&#8221;][vc_column][vc_empty_space height=&#8221;64px&#8221;][vc_column_text] Equipo de Dentistas Especializados en Palau solit\u00e0 i Plegamans [\/vc_column_text][vc_column_text] En Cl\u00ednica Dental Duarte ofrecemos un doctor especializado en cada disciplina. Nuestra Cl\u00ednica Dental est\u00e1 formada por un equipo de profesionales especializados&#8230;<\/p>\n","protected":false},"author":1,"featured_media":0,"parent":0,"menu_order":0,"comment_status":"closed","ping_status":"closed","template":"full_width.php","meta":{"footnotes":""},"yoast_head":"<!-- This site is optimized with the Yoast SEO plugin v22.8 - https:\/\/yoast.com\/wordpress\/plugins\/seo\/ -->\n<title>Equipo de Dentistas | Dental Duarte Palau<\/title>\n<meta name=\"description\" content=\"Ponemos a los dentistas con m\u00e1s experiencia en Palau-solit\u00e0 i Plegamans a tu disposici\u00f3n para ofrecerte el mejor servicio. Tu sonrisa importa.\" \/>\n<meta name=\"robots\" content=\"index, follow, max-snippet:-1, max-image-preview:large, max-video-preview:-1\" \/>\n<link rel=\"canonical\" href=\"https:\/\/dentalduarte.com\/clinica-dental-palau\/equipo\/\" \/>\n<meta property=\"og:locale\" content=\"es_ES\" \/>\n<meta property=\"og:type\" content=\"article\" \/>\n<meta property=\"og:title\" content=\"Equipo de Dentistas | Dental Duarte Palau\" \/>\n<meta property=\"og:description\" content=\"Ponemos a los dentistas con m\u00e1s experiencia en Palau-solit\u00e0 i Plegamans a tu disposici\u00f3n para ofrecerte el mejor servicio. Tu sonrisa importa.\" \/>\n<meta property=\"og:url\" content=\"https:\/\/dentalduarte.com\/clinica-dental-palau\/equipo\/\" \/>\n<meta property=\"og:site_name\" content=\"Dental Duarte Palau\" \/>\n<meta property=\"article:modified_time\" content=\"2022-06-17T10:47:28+00:00\" \/>\n<meta name=\"twitter:card\" content=\"summary_large_image\" \/>\n<meta name=\"twitter:label1\" content=\"Tiempo de lectura\" \/>\n\t<meta name=\"twitter:data1\" content=\"1 minuto\" \/>\n<script type=\"application\/ld+json\" class=\"yoast-schema-graph\">{\"@context\":\"https:\/\/schema.org\",\"@graph\":[{\"@type\":\"WebPage\",\"@id\":\"https:\/\/dentalduarte.com\/clinica-dental-palau\/equipo\/\",\"url\":\"https:\/\/dentalduarte.com\/clinica-dental-palau\/equipo\/\",\"name\":\"Equipo de Dentistas | Dental Duarte Palau\",\"isPartOf\":{\"@id\":\"https:\/\/dentalduarte.com\/clinica-dental-palau\/#website\"},\"datePublished\":\"2021-02-05T12:06:47+00:00\",\"dateModified\":\"2022-06-17T10:47:28+00:00\",\"description\":\"Ponemos a los dentistas con m\u00e1s experiencia en Palau-solit\u00e0 i Plegamans a tu disposici\u00f3n para ofrecerte el mejor servicio. Tu sonrisa importa.\",\"breadcrumb\":{\"@id\":\"https:\/\/dentalduarte.com\/clinica-dental-palau\/equipo\/#breadcrumb\"},\"inLanguage\":\"es\",\"potentialAction\":[{\"@type\":\"ReadAction\",\"target\":[\"https:\/\/dentalduarte.com\/clinica-dental-palau\/equipo\/\"]}]},{\"@type\":\"BreadcrumbList\",\"@id\":\"https:\/\/dentalduarte.com\/clinica-dental-palau\/equipo\/#breadcrumb\",\"itemListElement\":[{\"@type\":\"ListItem\",\"position\":1,\"name\":\"Portada\",\"item\":\"https:\/\/dentalduarte.com\/clinica-dental-palau\/\"},{\"@type\":\"ListItem\",\"position\":2,\"name\":\"Equipo\"}]},{\"@type\":\"WebSite\",\"@id\":\"https:\/\/dentalduarte.com\/clinica-dental-palau\/#website\",\"url\":\"https:\/\/dentalduarte.com\/clinica-dental-palau\/\",\"name\":\"Dental Duarte\",\"description\":\"Cl\u00ednica Dental en Palau de Plegamans\",\"publisher\":{\"@id\":\"https:\/\/dentalduarte.com\/clinica-dental-palau\/#organization\"},\"potentialAction\":[{\"@type\":\"SearchAction\",\"target\":{\"@type\":\"EntryPoint\",\"urlTemplate\":\"https:\/\/dentalduarte.com\/clinica-dental-palau\/?s={search_term_string}\"},\"query-input\":\"required name=search_term_string\"}],\"inLanguage\":\"es\"},{\"@type\":\"Organization\",\"@id\":\"https:\/\/dentalduarte.com\/clinica-dental-palau\/#organization\",\"name\":\"Denta Duarte\",\"url\":\"https:\/\/dentalduarte.com\/clinica-dental-palau\/\",\"logo\":{\"@type\":\"ImageObject\",\"inLanguage\":\"es\",\"@id\":\"https:\/\/dentalduarte.com\/clinica-dental-palau\/#\/schema\/logo\/image\/\",\"url\":\"https:\/\/dentalduarte.com\/wp-content\/uploads\/2020\/09\/mogile-logo-dentalduarte.png\",\"contentUrl\":\"https:\/\/dentalduarte.com\/wp-content\/uploads\/2020\/09\/mogile-logo-dentalduarte.png\",\"width\":567,\"height\":152,\"caption\":\"Denta Duarte\"},\"image\":{\"@id\":\"https:\/\/dentalduarte.com\/clinica-dental-palau\/#\/schema\/logo\/image\/\"}}]}<\/script>\n<!-- \/ Yoast SEO plugin. -->","yoast_head_json":{"title":"Equipo de Dentistas | Dental Duarte Palau","description":"Ponemos a los dentistas con m\u00e1s experiencia en Palau-solit\u00e0 i Plegamans a tu disposici\u00f3n para ofrecerte el mejor servicio. Tu sonrisa importa.","robots":{"index":"index","follow":"follow","max-snippet":"max-snippet:-1","max-image-preview":"max-image-preview:large","max-video-preview":"max-video-preview:-1"},"canonical":"https:\/\/dentalduarte.com\/clinica-dental-palau\/equipo\/","og_locale":"es_ES","og_type":"article","og_title":"Equipo de Dentistas | Dental Duarte Palau","og_description":"Ponemos a los dentistas con m\u00e1s experiencia en Palau-solit\u00e0 i Plegamans a tu disposici\u00f3n para ofrecerte el mejor servicio. Tu sonrisa importa.","og_url":"https:\/\/dentalduarte.com\/clinica-dental-palau\/equipo\/","og_site_name":"Dental Duarte Palau","article_modified_time":"2022-06-17T10:47:28+00:00","twitter_card":"summary_large_image","twitter_misc":{"Tiempo de lectura":"1 minuto"},"schema":{"@context":"https:\/\/schema.org","@graph":[{"@type":"WebPage","@id":"https:\/\/dentalduarte.com\/clinica-dental-palau\/equipo\/","url":"https:\/\/dentalduarte.com\/clinica-dental-palau\/equipo\/","name":"Equipo de Dentistas | Dental Duarte Palau","isPartOf":{"@id":"https:\/\/dentalduarte.com\/clinica-dental-palau\/#website"},"datePublished":"2021-02-05T12:06:47+00:00","dateModified":"2022-06-17T10:47:28+00:00","description":"Ponemos a los dentistas con m\u00e1s experiencia en Palau-solit\u00e0 i Plegamans a tu disposici\u00f3n para ofrecerte el mejor servicio. Tu sonrisa importa.","breadcrumb":{"@id":"https:\/\/dentalduarte.com\/clinica-dental-palau\/equipo\/#breadcrumb"},"inLanguage":"es","potentialAction":[{"@type":"ReadAction","target":["https:\/\/dentalduarte.com\/clinica-dental-palau\/equipo\/"]}]},{"@type":"BreadcrumbList","@id":"https:\/\/dentalduarte.com\/clinica-dental-palau\/equipo\/#breadcrumb","itemListElement":[{"@type":"ListItem","position":1,"name":"Portada","item":"https:\/\/dentalduarte.com\/clinica-dental-palau\/"},{"@type":"ListItem","position":2,"name":"Equipo"}]},{"@type":"WebSite","@id":"https:\/\/dentalduarte.com\/clinica-dental-palau\/#website","url":"https:\/\/dentalduarte.com\/clinica-dental-palau\/","name":"Dental Duarte","description":"Cl\u00ednica Dental en Palau de Plegamans","publisher":{"@id":"https:\/\/dentalduarte.com\/clinica-dental-palau\/#organization"},"potentialAction":[{"@type":"SearchAction","target":{"@type":"EntryPoint","urlTemplate":"https:\/\/dentalduarte.com\/clinica-dental-palau\/?s={search_term_string}"},"query-input":"required name=search_term_string"}],"inLanguage":"es"},{"@type":"Organization","@id":"https:\/\/dentalduarte.com\/clinica-dental-palau\/#organization","name":"Denta Duarte","url":"https:\/\/dentalduarte.com\/clinica-dental-palau\/","logo":{"@type":"ImageObject","inLanguage":"es","@id":"https:\/\/dentalduarte.com\/clinica-dental-palau\/#\/schema\/logo\/image\/","url":"https:\/\/dentalduarte.com\/wp-content\/uploads\/2020\/09\/mogile-logo-dentalduarte.png","contentUrl":"https:\/\/dentalduarte.com\/wp-content\/uploads\/2020\/09\/mogile-logo-dentalduarte.png","width":567,"height":152,"caption":"Denta Duarte"},"image":{"@id":"https:\/\/dentalduarte.com\/clinica-dental-palau\/#\/schema\/logo\/image\/"}}]}},"_links":{"self":[{"href":"https:\/\/dentalduarte.com\/clinica-dental-palau\/wp-json\/wp\/v2\/pages\/138"}],"collection":[{"href":"https:\/\/dentalduarte.com\/clinica-dental-palau\/wp-json\/wp\/v2\/pages"}],"about":[{"href":"https:\/\/dentalduarte.com\/clinica-dental-palau\/wp-json\/wp\/v2\/types\/page"}],"author":[{"embeddable":true,"href":"https:\/\/dentalduarte.com\/clinica-dental-palau\/wp-json\/wp\/v2\/users\/1"}],"replies":[{"embeddable":true,"href":"https:\/\/dentalduarte.com\/clinica-dental-palau\/wp-json\/wp\/v2\/comments?post=138"}],"version-history":[{"count":22,"href":"https:\/\/dentalduarte.com\/clinica-dental-palau\/wp-json\/wp\/v2\/pages\/138\/revisions"}],"predecessor-version":[{"id":566,"href":"https:\/\/dentalduarte.com\/clinica-dental-palau\/wp-json\/wp\/v2\/pages\/138\/revisions\/566"}],"wp:attachment":[{"href":"https:\/\/dentalduarte.com\/clinica-dental-palau\/wp-json\/wp\/v2\/media?parent=138"}],"curies":[{"name":"wp","href":"https:\/\/api.w.org\/{rel}","templated":true}]}}