{"id":113,"date":"2016-11-03T11:19:12","date_gmt":"2016-11-03T11:19:12","guid":{"rendered":"http:\/\/bridge86.qodeinteractive.com\/?page_id=113"},"modified":"2022-06-20T09:02:05","modified_gmt":"2022-06-20T08:02:05","slug":"instalaciones","status":"publish","type":"page","link":"https:\/\/dentalduarte.com\/clinica-dental-palau\/instalaciones\/","title":{"rendered":"Instalaciones"},"content":{"rendered":"<div class=\"wpb-content-wrapper\"><p>[vc_row css_animation=&#8221;&#8221; row_type=&#8221;row&#8221; use_row_as_full_screen_section=&#8221;no&#8221; type=&#8221;grid&#8221; angled_section=&#8221;no&#8221; text_align=&#8221;left&#8221; background_image_as_pattern=&#8221;without_pattern&#8221; css=&#8221;.vc_custom_1478173132892{padding-top: 90px !important;padding-bottom: 14px !important;}&#8221;][vc_column offset=&#8221;vc_col-lg-4 vc_col-md-4&#8243;][vc_single_image image=&#8221;456&#8243; img_size=&#8221;full&#8221; qode_css_animation=&#8221;&#8221;][vc_empty_space][vc_column_text]<\/p>\n<h3 class=\"titulo-h2\">Nuestra Cl\u00ednica Dental Palau &#8211; Dental Duarte<\/h3>\n<p>[\/vc_column_text][vc_empty_space height=&#8221;18px&#8221;][vc_column_text]<\/p>\n<div>Dos boxes completamente equipados con materiales de calidad y aparatolog\u00eda de \u00faltima generaci\u00f3n. Esto sumado a los dentistas especialistas de nuestra Cl\u00ednica Dental en Palau hacen que, diariamente, decenas de personas nos conf\u00eden su sonrisa.<\/div>\n<p>[\/vc_column_text][vc_empty_space height=&#8221;60px&#8221;][\/vc_column][vc_column offset=&#8221;vc_col-lg-4 vc_col-md-4&#8243;][vc_single_image image=&#8221;455&#8243; img_size=&#8221;full&#8221; qode_css_animation=&#8221;&#8221;][vc_empty_space][vc_column_text]<\/p>\n<h3 class=\"titulo-h2\">Trabajamos con tecnolog\u00edas avanzadas<\/h3>\n<p>[\/vc_column_text][vc_empty_space height=&#8221;18px&#8221;][vc_column_text]<\/p>\n<div>Realizamos radiograf\u00edas con tecnolog\u00eda 3D. Contamos con Air-Flow Handy 3.0 para limpiezas profundas y eliminaci\u00f3n de manchas. Nuestra Cl\u00ednica Dental en Palau utiliza la tecnolog\u00eda para realizar diagn\u00f3sticos y tratamientos dentales de una forma m\u00e1s precisa.<\/div>\n<p>[\/vc_column_text][vc_empty_space height=&#8221;60px&#8221;][\/vc_column][vc_column offset=&#8221;vc_col-lg-4 vc_col-md-4&#8243;][vc_single_image image=&#8221;404&#8243; img_size=&#8221;full&#8221; qode_css_animation=&#8221;&#8221;][vc_empty_space][vc_column_text]<\/p>\n<h3 class=\"titulo-h2\">Acceso a las instalaciones y aparcamiento<\/h3>\n<p>[\/vc_column_text][vc_empty_space height=&#8221;18px&#8221;][vc_column_text]<\/p>\n<div>Nuestra Cl\u00ednica Dental en Palau solit\u00e0 i Plegamans se encuentra en la entrada del pueblo. Encontrar\u00e1s parking gratuito con facilidad. Estamos en una 1a planta, pero si necesitas ayuda para acceder cont\u00e1ctanos para que podamos ayudarte.<\/div>\n<p>[\/vc_column_text][vc_empty_space height=&#8221;60px&#8221;][\/vc_column][\/vc_row][vc_row row_type=&#8221;parallax&#8221; parallax_content_width=&#8221;in_grid&#8221; text_align=&#8221;center&#8221; full_screen_section_height=&#8221;no&#8221; background_image=&#8221;35&#8243;][vc_column css=&#8221;.vc_custom_1473065984174{padding-top: 67px !important;padding-bottom: 43px !important;}&#8221;][vc_column_text]<\/p>\n<h2 class=\"titulo-h1-cw\">Cl\u00ednica Dental en Palau solit\u00e0 i Plegamans de referencia<\/h2>\n<div><span style=\"color: #ffffff; font-weight: 600; text-transform: uppercase;\">Nuestros miles de pacientes satisfechos nos avalan<\/span><\/div>\n<p>[\/vc_column_text][vc_empty_space height=&#8221;40px&#8221;]<div class='testimonials_c_holder clearfix light'><div class=\"testimonials_c testimonials_c_carousel\" data-show-navigation=\"yes\" data-animation-speed=\"\" data-auto-rotate-slides=\"5\" data-number-per-slide=\"3\"><ul class=\"slides\"><li id=\"testimonials-c-49\" class=\"testimonial_content\"><div class=\"testimonial_content_inner\"><div class=\"testimonial_image_holder\"><img decoding=\"async\" src=\"https:\/\/dentalduarte.com\/wp-content\/uploads\/2016\/09\/testimonial.png\" \/><\/div><div class=\"testimonial_title_holder\"><h5>Professionalitat i confian\u00e7a<\/h5><\/div><div class=\"testimonial_rating_holder\"><span class=\"testimonial_star_holder\"><span class=\"icon_star\"><\/span><\/span><span class=\"testimonial_star_holder\"><span class=\"icon_star\"><\/span><\/span><span class=\"testimonial_star_holder\"><span class=\"icon_star\"><\/span><\/span><span class=\"testimonial_star_holder\"><span class=\"icon_star\"><\/span><\/span><span class=\"testimonial_star_holder\"><span class=\"icon_star\"><\/span><\/span><\/div><div class=\"testimonial_text_holder\"><div class=\"testimonial_text_inner\" style=\"\"><p>Fa molts anys que s\u00f3c client de Dental Duarte i sens dubte \u00e9s la meva cl\u00ednica de confian\u00e7a a Palau<\/p><p class=\"testimonial_author\" style=\"font-weight: 600;color: #1fb9b9;font-size: 13px;\">- Mart\u00ed Puig<\/p><\/div><\/div><\/div><\/li><li id=\"testimonials-c-48\" class=\"testimonial_content\"><div class=\"testimonial_content_inner\"><div class=\"testimonial_image_holder\"><img decoding=\"async\" src=\"https:\/\/dentalduarte.com\/wp-content\/uploads\/2016\/09\/testimonial-2.png\" \/><\/div><div class=\"testimonial_title_holder\"><h5>Tractament d&#8217;ortod\u00f2ncia 10<\/h5><\/div><div class=\"testimonial_rating_holder\"><span class=\"testimonial_star_holder\"><span class=\"icon_star\"><\/span><\/span><span class=\"testimonial_star_holder\"><span class=\"icon_star\"><\/span><\/span><span class=\"testimonial_star_holder\"><span class=\"icon_star\"><\/span><\/span><span class=\"testimonial_star_holder\"><span class=\"icon_star\"><\/span><\/span><span class=\"testimonial_star_holder\"><span class=\"icon_star\"><\/span><\/span><\/div><div class=\"testimonial_text_holder\"><div class=\"testimonial_text_inner\" style=\"\"><p>Vaig venir rebotada d'una cl\u00ednica Vitaldent. He apr\u00e8s que no \u00e9s el mateix una cl\u00ednica privada que una cadena, i les tarifes s\u00f3n m\u00e9s semblants del que pensava.<\/p><p class=\"testimonial_author\" style=\"font-weight: 600;color: #1fb9b9;font-size: 13px;\">- N\u00faria Mart\u00ednez<\/p><\/div><\/div><\/div><\/li><li id=\"testimonials-c-50\" class=\"testimonial_content\"><div class=\"testimonial_content_inner\"><div class=\"testimonial_image_holder\"><img decoding=\"async\" src=\"https:\/\/dentalduarte.com\/wp-content\/uploads\/2016\/09\/testimonial-3.png\" \/><\/div><div class=\"testimonial_title_holder\"><h5>Porto a tota la fam\u00edlia<\/h5><\/div><div class=\"testimonial_rating_holder\"><span class=\"testimonial_star_holder\"><span class=\"icon_star\"><\/span><\/span><span class=\"testimonial_star_holder\"><span class=\"icon_star\"><\/span><\/span><span class=\"testimonial_star_holder\"><span class=\"icon_star\"><\/span><\/span><span class=\"testimonial_star_holder\"><span class=\"icon_star\"><\/span><\/span><span class=\"testimonial_star_holder\"><span class=\"icon_star\"><\/span><\/span><\/div><div class=\"testimonial_text_holder\"><div class=\"testimonial_text_inner\" style=\"\"><p>Conec a tot l'equip. Anna, Rosana, Carlota, Mariana... El seu valor hum\u00e0 i professional marca la difer\u00e8ncia, gr\u00e0cies!<\/p><p class=\"testimonial_author\" style=\"font-weight: 600;color: #1fb9b9;font-size: 13px;\">- L\u00eddia Dosrius<\/p><\/div><\/div><\/div><\/li><\/ul><\/div><\/div>[\/vc_column][\/vc_row][vc_row css_animation=&#8221;&#8221; row_type=&#8221;row&#8221; use_row_as_full_screen_section=&#8221;no&#8221; type=&#8221;grid&#8221; angled_section=&#8221;no&#8221; text_align=&#8221;left&#8221; background_image_as_pattern=&#8221;without_pattern&#8221; css=&#8221;.vc_custom_1602867669113{padding-top: 44px !important;padding-bottom: 44px !important;background-image: url(http:\/\/dentalduarte.com\/wp-content\/uploads\/2020\/10\/call-to-action.jpg?id=316) !important;background-position: center !important;background-repeat: no-repeat !important;background-size: cover !important;}&#8221; z_index=&#8221;&#8221;][vc_column][qode_elements_holder number_of_columns=&#8221;two_columns&#8221; columns_proportion=&#8221;66_33&#8243; alignment_one_column=&#8221;center&#8221;][qode_elements_holder_item vertical_alignment=&#8221;middle&#8221; advanced_animations=&#8221;no&#8221; item_padding=&#8221;0 35px 0 0&#8243; item_padding_600_768=&#8221;0 0 22px 0&#8243; item_padding_480_600=&#8221;0 0 22px 0&#8243; item_padding_480=&#8221;0 0 22px 0&#8243;][vc_column_text el_class=&#8221;call-to-action&#8221;]<\/p>\n<h2 class=\"under-banner\">Cl\u00ednica Dental en Palau solit\u00e0 i Plegamans de referencia<\/h2>\n<p>[\/vc_column_text][\/qode_elements_holder_item][qode_elements_holder_item vertical_alignment=&#8221;middle&#8221; advanced_animations=&#8221;no&#8221;]<a  itemprop=\"url\" href=\"tel:\/\/938644834\" target=\"_self\" data-hover-background-color='rgba(255,255,255,0.4)' data-hover-color='#ffffff' class=\"qbutton  default\" style=\"color: #ffffff; background-color: rgba(255,255,255,0.2);\">Pide una cita<\/a>[\/qode_elements_holder_item][\/qode_elements_holder][\/vc_column][\/vc_row]<\/p>\n<\/div>","protected":false},"excerpt":{"rendered":"<p>[vc_row css_animation=&#8221;&#8221; row_type=&#8221;row&#8221; use_row_as_full_screen_section=&#8221;no&#8221; type=&#8221;grid&#8221; angled_section=&#8221;no&#8221; text_align=&#8221;left&#8221; background_image_as_pattern=&#8221;without_pattern&#8221; css=&#8221;.vc_custom_1478173132892{padding-top: 90px !important;padding-bottom: 14px !important;}&#8221;][vc_column offset=&#8221;vc_col-lg-4 vc_col-md-4&#8243;][vc_single_image image=&#8221;456&#8243; img_size=&#8221;full&#8221; qode_css_animation=&#8221;&#8221;][vc_empty_space][vc_column_text] Nuestra Cl\u00ednica Dental Palau &#8211; Dental Duarte [\/vc_column_text][vc_empty_space height=&#8221;18px&#8221;][vc_column_text] Dos boxes completamente equipados con materiales de calidad y aparatolog\u00eda de \u00faltima generaci\u00f3n. Esto sumado a los dentistas&#8230;<\/p>\n","protected":false},"author":1,"featured_media":0,"parent":0,"menu_order":0,"comment_status":"closed","ping_status":"closed","template":"full_width.php","meta":{"footnotes":""},"yoast_head":"<!-- This site is optimized with the Yoast SEO plugin v22.8 - https:\/\/yoast.com\/wordpress\/plugins\/seo\/ -->\n<title>Instalaciones | Dental Duarte Palau<\/title>\n<meta name=\"description\" content=\"Conoce nuestras instalaciones completamente equipadas con la \u00faltima tecnolog\u00eda, sillones de \u00faltima generaci\u00f3n y los mejores materiales.\" \/>\n<meta name=\"robots\" content=\"index, follow, max-snippet:-1, max-image-preview:large, max-video-preview:-1\" \/>\n<link rel=\"canonical\" href=\"https:\/\/dentalduarte.com\/clinica-dental-palau\" \/>\n<meta property=\"og:locale\" content=\"es_ES\" \/>\n<meta property=\"og:type\" content=\"article\" \/>\n<meta property=\"og:title\" content=\"Instalaciones | Dental Duarte Palau\" \/>\n<meta property=\"og:description\" content=\"Conoce nuestras instalaciones completamente equipadas con la \u00faltima tecnolog\u00eda, sillones de \u00faltima generaci\u00f3n y los mejores materiales.\" \/>\n<meta property=\"og:url\" content=\"https:\/\/dentalduarte.com\/clinica-dental-palau\" \/>\n<meta property=\"og:site_name\" content=\"Dental Duarte Palau\" \/>\n<meta property=\"article:modified_time\" content=\"2022-06-20T08:02:05+00:00\" \/>\n<meta name=\"twitter:card\" content=\"summary_large_image\" \/>\n<meta name=\"twitter:label1\" content=\"Tiempo de lectura\" \/>\n\t<meta name=\"twitter:data1\" content=\"2 minutos\" \/>\n<script type=\"application\/ld+json\" class=\"yoast-schema-graph\">{\"@context\":\"https:\/\/schema.org\",\"@graph\":[{\"@type\":\"WebPage\",\"@id\":\"https:\/\/dentalduarte.com\/clinica-dental-palau\/instalaciones\/\",\"url\":\"https:\/\/dentalduarte.com\/clinica-dental-palau\",\"name\":\"Instalaciones | Dental Duarte Palau\",\"isPartOf\":{\"@id\":\"https:\/\/dentalduarte.com\/clinica-dental-palau\/#website\"},\"datePublished\":\"2016-11-03T11:19:12+00:00\",\"dateModified\":\"2022-06-20T08:02:05+00:00\",\"description\":\"Conoce nuestras instalaciones completamente equipadas con la \u00faltima tecnolog\u00eda, sillones de \u00faltima generaci\u00f3n y los mejores materiales.\",\"breadcrumb\":{\"@id\":\"https:\/\/dentalduarte.com\/clinica-dental-palau#breadcrumb\"},\"inLanguage\":\"es\",\"potentialAction\":[{\"@type\":\"ReadAction\",\"target\":[\"https:\/\/dentalduarte.com\/clinica-dental-palau\"]}]},{\"@type\":\"BreadcrumbList\",\"@id\":\"https:\/\/dentalduarte.com\/clinica-dental-palau#breadcrumb\",\"itemListElement\":[{\"@type\":\"ListItem\",\"position\":1,\"name\":\"Portada\",\"item\":\"https:\/\/dentalduarte.com\/clinica-dental-palau\/\"},{\"@type\":\"ListItem\",\"position\":2,\"name\":\"Instalaciones\"}]},{\"@type\":\"WebSite\",\"@id\":\"https:\/\/dentalduarte.com\/clinica-dental-palau\/#website\",\"url\":\"https:\/\/dentalduarte.com\/clinica-dental-palau\/\",\"name\":\"Dental Duarte\",\"description\":\"Cl\u00ednica Dental en Palau de Plegamans\",\"publisher\":{\"@id\":\"https:\/\/dentalduarte.com\/clinica-dental-palau\/#organization\"},\"potentialAction\":[{\"@type\":\"SearchAction\",\"target\":{\"@type\":\"EntryPoint\",\"urlTemplate\":\"https:\/\/dentalduarte.com\/clinica-dental-palau\/?s={search_term_string}\"},\"query-input\":\"required name=search_term_string\"}],\"inLanguage\":\"es\"},{\"@type\":\"Organization\",\"@id\":\"https:\/\/dentalduarte.com\/clinica-dental-palau\/#organization\",\"name\":\"Denta Duarte\",\"url\":\"https:\/\/dentalduarte.com\/clinica-dental-palau\/\",\"logo\":{\"@type\":\"ImageObject\",\"inLanguage\":\"es\",\"@id\":\"https:\/\/dentalduarte.com\/clinica-dental-palau\/#\/schema\/logo\/image\/\",\"url\":\"https:\/\/dentalduarte.com\/wp-content\/uploads\/2020\/09\/mogile-logo-dentalduarte.png\",\"contentUrl\":\"https:\/\/dentalduarte.com\/wp-content\/uploads\/2020\/09\/mogile-logo-dentalduarte.png\",\"width\":567,\"height\":152,\"caption\":\"Denta Duarte\"},\"image\":{\"@id\":\"https:\/\/dentalduarte.com\/clinica-dental-palau\/#\/schema\/logo\/image\/\"}}]}<\/script>\n<!-- \/ Yoast SEO plugin. -->","yoast_head_json":{"title":"Instalaciones | Dental Duarte Palau","description":"Conoce nuestras instalaciones completamente equipadas con la \u00faltima tecnolog\u00eda, sillones de \u00faltima generaci\u00f3n y los mejores materiales.","robots":{"index":"index","follow":"follow","max-snippet":"max-snippet:-1","max-image-preview":"max-image-preview:large","max-video-preview":"max-video-preview:-1"},"canonical":"https:\/\/dentalduarte.com\/clinica-dental-palau","og_locale":"es_ES","og_type":"article","og_title":"Instalaciones | Dental Duarte Palau","og_description":"Conoce nuestras instalaciones completamente equipadas con la \u00faltima tecnolog\u00eda, sillones de \u00faltima generaci\u00f3n y los mejores materiales.","og_url":"https:\/\/dentalduarte.com\/clinica-dental-palau","og_site_name":"Dental Duarte Palau","article_modified_time":"2022-06-20T08:02:05+00:00","twitter_card":"summary_large_image","twitter_misc":{"Tiempo de lectura":"2 minutos"},"schema":{"@context":"https:\/\/schema.org","@graph":[{"@type":"WebPage","@id":"https:\/\/dentalduarte.com\/clinica-dental-palau\/instalaciones\/","url":"https:\/\/dentalduarte.com\/clinica-dental-palau","name":"Instalaciones | Dental Duarte Palau","isPartOf":{"@id":"https:\/\/dentalduarte.com\/clinica-dental-palau\/#website"},"datePublished":"2016-11-03T11:19:12+00:00","dateModified":"2022-06-20T08:02:05+00:00","description":"Conoce nuestras instalaciones completamente equipadas con la \u00faltima tecnolog\u00eda, sillones de \u00faltima generaci\u00f3n y los mejores materiales.","breadcrumb":{"@id":"https:\/\/dentalduarte.com\/clinica-dental-palau#breadcrumb"},"inLanguage":"es","potentialAction":[{"@type":"ReadAction","target":["https:\/\/dentalduarte.com\/clinica-dental-palau"]}]},{"@type":"BreadcrumbList","@id":"https:\/\/dentalduarte.com\/clinica-dental-palau#breadcrumb","itemListElement":[{"@type":"ListItem","position":1,"name":"Portada","item":"https:\/\/dentalduarte.com\/clinica-dental-palau\/"},{"@type":"ListItem","position":2,"name":"Instalaciones"}]},{"@type":"WebSite","@id":"https:\/\/dentalduarte.com\/clinica-dental-palau\/#website","url":"https:\/\/dentalduarte.com\/clinica-dental-palau\/","name":"Dental Duarte","description":"Cl\u00ednica Dental en Palau de Plegamans","publisher":{"@id":"https:\/\/dentalduarte.com\/clinica-dental-palau\/#organization"},"potentialAction":[{"@type":"SearchAction","target":{"@type":"EntryPoint","urlTemplate":"https:\/\/dentalduarte.com\/clinica-dental-palau\/?s={search_term_string}"},"query-input":"required name=search_term_string"}],"inLanguage":"es"},{"@type":"Organization","@id":"https:\/\/dentalduarte.com\/clinica-dental-palau\/#organization","name":"Denta Duarte","url":"https:\/\/dentalduarte.com\/clinica-dental-palau\/","logo":{"@type":"ImageObject","inLanguage":"es","@id":"https:\/\/dentalduarte.com\/clinica-dental-palau\/#\/schema\/logo\/image\/","url":"https:\/\/dentalduarte.com\/wp-content\/uploads\/2020\/09\/mogile-logo-dentalduarte.png","contentUrl":"https:\/\/dentalduarte.com\/wp-content\/uploads\/2020\/09\/mogile-logo-dentalduarte.png","width":567,"height":152,"caption":"Denta Duarte"},"image":{"@id":"https:\/\/dentalduarte.com\/clinica-dental-palau\/#\/schema\/logo\/image\/"}}]}},"_links":{"self":[{"href":"https:\/\/dentalduarte.com\/clinica-dental-palau\/wp-json\/wp\/v2\/pages\/113"}],"collection":[{"href":"https:\/\/dentalduarte.com\/clinica-dental-palau\/wp-json\/wp\/v2\/pages"}],"about":[{"href":"https:\/\/dentalduarte.com\/clinica-dental-palau\/wp-json\/wp\/v2\/types\/page"}],"author":[{"embeddable":true,"href":"https:\/\/dentalduarte.com\/clinica-dental-palau\/wp-json\/wp\/v2\/users\/1"}],"replies":[{"embeddable":true,"href":"https:\/\/dentalduarte.com\/clinica-dental-palau\/wp-json\/wp\/v2\/comments?post=113"}],"version-history":[{"count":16,"href":"https:\/\/dentalduarte.com\/clinica-dental-palau\/wp-json\/wp\/v2\/pages\/113\/revisions"}],"predecessor-version":[{"id":592,"href":"https:\/\/dentalduarte.com\/clinica-dental-palau\/wp-json\/wp\/v2\/pages\/113\/revisions\/592"}],"wp:attachment":[{"href":"https:\/\/dentalduarte.com\/clinica-dental-palau\/wp-json\/wp\/v2\/media?parent=113"}],"curies":[{"name":"wp","href":"https:\/\/api.w.org\/{rel}","templated":true}]}}